{"id":2573,"date":"2022-06-22T16:45:43","date_gmt":"2022-06-22T16:45:43","guid":{"rendered":"http:\/\/t1.archivportal.hu\/?page_id=2573"},"modified":"2022-06-22T17:56:55","modified_gmt":"2022-06-22T17:56:55","slug":"leveltari-korpusz","status":"publish","type":"page","link":"https:\/\/archivportal.hu\/index.php\/leveltarosoknak\/leveltari-korpusz\/","title":{"rendered":"LEV\u00c9LT\u00c1RI KORPUSZ"},"content":{"rendered":"\t\t<div data-elementor-type=\"wp-page\" data-elementor-id=\"2573\" class=\"elementor elementor-2573\" data-elementor-post-type=\"page\">\n\t\t\t\t\t\t<section class=\"elementor-section elementor-top-section elementor-element elementor-element-378e53b elementor-section-boxed elementor-section-height-default elementor-section-height-default\" data-id=\"378e53b\" data-element_type=\"section\" data-e-type=\"section\">\n\t\t\t\t\t\t<div class=\"elementor-container elementor-column-gap-default\">\n\t\t\t\t\t<div class=\"elementor-column elementor-col-100 elementor-top-column elementor-element elementor-element-d7c1f40\" data-id=\"d7c1f40\" data-element_type=\"column\" data-e-type=\"column\" data-settings=\"{&quot;background_background&quot;:&quot;gradient&quot;}\">\n\t\t\t<div class=\"elementor-widget-wrap elementor-element-populated\">\n\t\t\t\t\t\t<div class=\"elementor-element elementor-element-8829e2d elementor-widget elementor-widget-heading\" data-id=\"8829e2d\" data-element_type=\"widget\" data-e-type=\"widget\" data-widget_type=\"heading.default\">\n\t\t\t\t<div class=\"elementor-widget-container\">\n\t\t\t\t\t<h2 class=\"elementor-heading-title elementor-size-default\">Lev\u00e9lt\u00e1ri korpusz<\/h2>\t\t\t\t<\/div>\n\t\t\t\t<\/div>\n\t\t\t\t<div class=\"elementor-element elementor-element-26fea2f cover elementor-widget elementor-widget-spacer\" data-id=\"26fea2f\" data-element_type=\"widget\" data-e-type=\"widget\" data-widget_type=\"spacer.default\">\n\t\t\t\t<div class=\"elementor-widget-container\">\n\t\t\t\t\t\t\t<div class=\"elementor-spacer\">\n\t\t\t<div class=\"elementor-spacer-inner\"><\/div>\n\t\t<\/div>\n\t\t\t\t\t\t<\/div>\n\t\t\t\t<\/div>\n\t\t\t\t\t<\/div>\n\t\t<\/div>\n\t\t\t\t\t<\/div>\n\t\t<\/section>\n\t\t\t\t<section class=\"elementor-section elementor-top-section elementor-element elementor-element-6bdfc82 elementor-section-boxed elementor-section-height-default elementor-section-height-default\" data-id=\"6bdfc82\" data-element_type=\"section\" data-e-type=\"section\">\n\t\t\t\t\t\t<div class=\"elementor-container elementor-column-gap-default\">\n\t\t\t\t\t<div class=\"elementor-column elementor-col-100 elementor-top-column elementor-element elementor-element-aa03530\" data-id=\"aa03530\" data-element_type=\"column\" data-e-type=\"column\">\n\t\t\t<div class=\"elementor-widget-wrap elementor-element-populated\">\n\t\t\t\t\t\t<div class=\"elementor-element elementor-element-3b3549d elementor-widget elementor-widget-text-editor\" data-id=\"3b3549d\" data-element_type=\"widget\" data-e-type=\"widget\" data-widget_type=\"text-editor.default\">\n\t\t\t\t<div class=\"elementor-widget-container\">\n\t\t\t\t\t\t\t\t\t<div align=\"justify\">A lev\u00e9lt\u00e1r\u00fcgy ir\u00e1nt \u00e9rdekl\u0151d\u0151, az iratkezel\u00e9ssel b\u00e1rmilyen szinten foglalkoz\u00f3 szakemberek, a gyakorl\u00f3 \u00e9s leend\u0151 lev\u00e9lt\u00e1rosok, lev\u00e9lt\u00e1ri kutat\u00f3k sz\u00e1m\u00e1ra elengedhetetlen az iratok \u00fcgyviteli \u00e9s iratt\u00e1ri kezel\u00e9s\u00e9re, a lev\u00e9lt\u00e1rak m\u0171k\u00f6d\u00e9s\u00e9re, a lev\u00e9lt\u00e1ri anyagot \u00e9rint\u0151 szakfeladatokra vonatkoz\u00f3 rendelkez\u00e9sekben val\u00f3 t\u00e1j\u00e9kozotts\u00e1g.<\/div><div align=\"justify\">\u00a0<\/div><div align=\"justify\">A Lev\u00e9lt\u00e1ri korpusz\u00a0k\u00e9t f\u0151 r\u00e9szb\u0151l \u00e1ll\u00f3 gy\u0171jtem\u00e9ny:<\/div><div align=\"justify\">\u00a0<\/div><ol><li><p align=\"justify\">Munkautas\u00edt\u00e1sok, aj\u00e1nl\u00e1sok, m\u00f3dszertani \u00fatmutat\u00f3k, egykor\u00fa jogszab\u00e1lyok.<\/p><\/li><li><p align=\"justify\">Szakmai, m\u00f3dszertani kiadv\u00e1nyok &#8211; \u00f6n\u00e1ll\u00f3 m\u0171vek \u00e9s tov\u00e1bbk\u00e9pz\u00e9si tananyagok, valamint m\u00f3dszertani \u00e9s oktat\u00e1si sorozatok.<\/p><\/li><\/ol><p align=\"justify\">Eszmei megfontol\u00e1sunk: a sz\u00ednvonalas lev\u00e9lt\u00e1ri munka alapja a lev\u00e9lt\u00e1ros \u00e1ltal kezelt iratok keletkez\u00e9si k\u00f6r\u00fclm\u00e9nyeinek, az egykor\u00fa iratkezel\u00e9si el\u0151\u00edr\u00e1soknak, a kor\u00e1bbi lev\u00e9lt\u00e1ros-gener\u00e1ci\u00f3k \u00e1ltal v\u00e9gzett gy\u0171jt\u0151ter\u00fcleti munka, rendez\u00e9s, selejtez\u00e9s, seg\u00e9dletk\u00e9sz\u00edt\u00e9s szempontjainak, szakmai h\u00e1tter\u00e9nek ismerete.<\/p><p align=\"justify\">C\u00e9lunk: a m\u00e1ig relev\u00e1ns szakmai inform\u00e1ci\u00f3t tartalmaz\u00f3 eredeti el\u0151\u00edr\u00e1sokat, m\u00f3dszertani anyagokat, az iratok iratt\u00e1ri \u00e9s lev\u00e9lt\u00e1ri kezel\u00e9s\u00e9vel \u00f6sszef\u00fcgg\u0151 jogszab\u00e1lyokat, valamint a munk\u00e1t seg\u00edt\u0151 tapasztalatokat egybegy\u0171jteni \u00e9s korszer\u0171 keres\u00e9si rendszerrel el\u00e9rhet\u0151v\u00e9 tenni.<\/p><p align=\"justify\">A gy\u0171jtem\u00e9ny alapvet\u0151en (de nem kiz\u00e1r\u00f3lagosan) az ut\u00f3bbi b\u0151 60 \u00e9vet \u00f6leli fel, ami\u00f3ta a lev\u00e9lt\u00e1rak seg\u00e9dhivatalb\u00f3l \u00f6n\u00e1ll\u00f3 int\u00e9zm\u00e9nyekk\u00e9 v\u00e1ltak \u00e9s k\u00f6zponti szakmai ir\u00e1ny\u00edt\u00e1s al\u00e1 ker\u00fcltek. Kiindul\u00e1si id\u0151pontnak az 1947-es lev\u00e9lt\u00e1ri t\u00f6rv\u00e9nyt tekintett\u00fck, amelyt\u0151l csak n\u00e9h\u00e1ny indokolt esetben t\u00e9rt\u00fcnk el.<\/p><p align=\"justify\">A most k\u00f6zz\u00e9tett anyag kor\u00e1ntsem teljes: a gy\u0171jt\u00e9snek hat\u00e1rt szabott, hogy a gyenge min\u0151s\u00e9g\u0171 pap\u00edron k\u00e9sz\u00fclt, haszn\u00e1latban \u201eelkopott&#8221; iratok, sillabuszok egyre nehezebben lelhet\u0151k fel.<\/p><p align=\"justify\">Az eredeti dokumentumok \u00e1llapot\u00e1b\u00f3l k\u00f6vetkez\u0151en a megjelen\u0151 lapok helyenk\u00e9nt maszatosak, nehezen olvashat\u00f3k. Ugyanezen ok miatt a bet\u0171k felismer\u00e9s\u00e9n (OCR) alapul\u00f3 keres\u00e9s a pdf-\u00e1llom\u00e1nyokban nem minden esetben eredm\u00e9nyez 100 %-os tal\u00e1lati list\u00e1t, c\u00e9lszer\u0171 \u00f6sszetett keres\u00e9seket alkalmazni. A digitaliz\u00e1l\u00e1s sok esetben az egykori, m\u00e1ra megkopott anyag tov\u00e1bb\u00e9l\u00e9s\u00e9t, megment\u00e9s\u00e9t is szolg\u00e1lja.<\/p><p align=\"justify\">Minden dokumentum minden sz\u00f6veges oldala digitaliz\u00e1l\u00e1sra \u00e9s k\u00f6zz\u00e9t\u00e9telre ker\u00fclt, emiatt a digitaliz\u00e1lt \u00e1llom\u00e1nyok (technikai) sz\u00e1ml\u00e1l\u00f3j\u00e1ban megjelen\u0151 oldalsz\u00e1mok gyakran nem azonosak az eredeti oldalsz\u00e1moz\u00e1ssal (pl. k\u00eds\u00e9r\u0151lev\u00e9l + t\u00f6bboldalas utas\u00edt\u00e1s).<\/p><p align=\"justify\">Az I. r\u00e9sz felt\u00e1r\u00e1s\u00e1hoz Budapest F\u0151v\u00e1ros Lev\u00e9lt\u00e1ra saj\u00e1t lev\u00e9lt\u00e1r\u00e1t, valamint a Veszpr\u00e9m, Heves \u00e9s B\u00e1cs-Kiskun Megyei Lev\u00e9lt\u00e1r jegyz\u00e9keit haszn\u00e1ltuk. A digitaliz\u00e1l\u00e1shoz az eredeti iratok jelent\u0151s r\u00e9sze a Magyar Orsz\u00e1gos Lev\u00e9lt\u00e1rban \u0151rz\u00f6tt mindenkori \u00e1gazati miniszt\u00e9rium anyag\u00e1b\u00f3l (LOF, LOK, LIG, LO) sz\u00e1rmazik. A jogszab\u00e1lyok felkutat\u00e1s\u00e1t a Budapest F\u0151v\u00e1ros Lev\u00e9lt\u00e1ra k\u00f6nyvt\u00e1rosai v\u00e9gezt\u00e9k.<\/p><p align=\"justify\">A munk\u00e1nkhoz ny\u00fajtott seg\u00edts\u00e9g\u00e9rt k\u00f6sz\u00f6nettel tartozunk a felsorolt lev\u00e9lt\u00e1rak munkat\u00e1rsainak, a Magyar Orsz\u00e1gos Lev\u00e9lt\u00e1rban Keresztes Csab\u00e1nak k\u00fcl\u00f6n is.<\/p><p align=\"justify\">Az anyaggy\u0171jt\u00e9st 2009 tavasz\u00e1n sz\u00e1mos, utal\u00e1sb\u00f3l tudott, \u00e1m m\u00e9g fel nem lelt dokumentum ismeret\u00e9ben z\u00e1rtuk le. A hi\u00e1nyok p\u00f3tl\u00e1sa folyamatban van, amelyhez a koll\u00e9g\u00e1k seg\u00edts\u00e9g\u00e9t sz\u00edvesen fogadjuk.<\/p><p align=\"justify\">A gy\u0171jtem\u00e9nyt jelen form\u00e1j\u00e1ban \u00f6ssze\u00e1ll\u00edtotta \u00c1. Varga L\u00e1szl\u00f3 kezdem\u00e9nyez\u00e9s\u00e9re Kellner Judit \u00e9s Tak\u00e1cs Edit. A technikai kivitelez\u00e9st Kenyeres Istv\u00e1n koordin\u00e1lta. A k\u00f6zz\u00e9t\u00e9tel az OKM t\u00e1mogat\u00e1s\u00e1val val\u00f3sult meg<\/p><p align=\"justify\">\u00c9szrev\u00e9teleket, javaslatokat, hibajelz\u00e9seket, kieg\u00e9sz\u00edt\u00e9seket az al\u00e1bbi e-mail c\u00edmre v\u00e1rjuk:\u00a0<\/p><p align=\"justify\"><a href=\"mailto:korpusz@bparchiv.hu\">korpusz@bparchiv.hu<\/a><\/p>\t\t\t\t\t\t\t\t<\/div>\n\t\t\t\t<\/div>\n\t\t\t\t<div class=\"elementor-element elementor-element-2a10ffe elementor-align-left elementor-widget elementor-widget-button\" data-id=\"2a10ffe\" data-element_type=\"widget\" data-e-type=\"widget\" data-widget_type=\"button.default\">\n\t\t\t\t<div class=\"elementor-widget-container\">\n\t\t\t\t\t\t\t\t\t<div class=\"elementor-button-wrapper\">\n\t\t\t\t\t<a class=\"elementor-button elementor-button-link elementor-size-sm\" href=\"https:\/\/library.hungaricana.hu\/hu\/collection\/leveltari_iratok_leveltari_korpusz\/\">\n\t\t\t\t\t\t<span class=\"elementor-button-content-wrapper\">\n\t\t\t\t\t\t\t\t\t<span class=\"elementor-button-text\">Lev\u00e9lt\u00e1ri korpusz a Hungaricana oldal\u00e1n<\/span>\n\t\t\t\t\t<\/span>\n\t\t\t\t\t<\/a>\n\t\t\t\t<\/div>\n\t\t\t\t\t\t\t\t<\/div>\n\t\t\t\t<\/div>\n\t\t\t\t\t<\/div>\n\t\t<\/div>\n\t\t\t\t\t<\/div>\n\t\t<\/section>\n\t\t\t\t<\/div>\n\t\t","protected":false},"excerpt":{"rendered":"<p>Lev\u00e9lt\u00e1ri korpusz A lev\u00e9lt\u00e1r\u00fcgy ir\u00e1nt \u00e9rdekl\u0151d\u0151, az iratkezel\u00e9ssel b\u00e1rmilyen szinten foglalkoz\u00f3 szakemberek, a gyakorl\u00f3 \u00e9s leend\u0151 lev\u00e9lt\u00e1rosok, lev\u00e9lt\u00e1ri kutat\u00f3k sz\u00e1m\u00e1ra elengedhetetlen az iratok \u00fcgyviteli \u00e9s iratt\u00e1ri kezel\u00e9s\u00e9re, a lev\u00e9lt\u00e1rak m\u0171k\u00f6d\u00e9s\u00e9re, a lev\u00e9lt\u00e1ri anyagot \u00e9rint\u0151 szakfeladatokra vonatkoz\u00f3 rendelkez\u00e9sekben val\u00f3 t\u00e1j\u00e9kozotts\u00e1g.\u00a0A Lev\u00e9lt\u00e1ri korpusz\u00a0k\u00e9t f\u0151 r\u00e9szb\u0151l \u00e1ll\u00f3 gy\u0171jtem\u00e9ny:\u00a0 Munkautas\u00edt\u00e1sok, aj\u00e1nl\u00e1sok, m\u00f3dszertani \u00fatmutat\u00f3k, egykor\u00fa jogszab\u00e1lyok. Szakmai, m\u00f3dszertani kiadv\u00e1nyok &#8211; [&hellip;]<\/p>\n","protected":false},"author":1,"featured_media":0,"parent":2582,"menu_order":0,"comment_status":"closed","ping_status":"closed","template":"","meta":{"_acf_changed":false,"footnotes":"","_links_to":"","_links_to_target":""},"class_list":["post-2573","page","type-page","status-publish","hentry"],"acf":[],"yoast_head":"<!-- This site is optimized with the Yoast SEO plugin v27.3 - https:\/\/yoast.com\/product\/yoast-seo-wordpress\/ -->\n<title>LEV\u00c9LT\u00c1RI KORPUSZ - Magyar Lev\u00e9lt\u00e1ri Port\u00e1l<\/title>\n<meta name=\"robots\" content=\"index, follow, max-snippet:-1, max-image-preview:large, max-video-preview:-1\" \/>\n<meta property=\"og:locale\" content=\"en_US\" \/>\n<meta property=\"og:type\" content=\"article\" \/>\n<meta property=\"og:title\" content=\"LEV\u00c9LT\u00c1RI KORPUSZ - Magyar Lev\u00e9lt\u00e1ri Port\u00e1l\" \/>\n<meta property=\"og:description\" content=\"Lev\u00e9lt\u00e1ri korpusz A lev\u00e9lt\u00e1r\u00fcgy ir\u00e1nt \u00e9rdekl\u0151d\u0151, az iratkezel\u00e9ssel b\u00e1rmilyen szinten foglalkoz\u00f3 szakemberek, a gyakorl\u00f3 \u00e9s leend\u0151 lev\u00e9lt\u00e1rosok, lev\u00e9lt\u00e1ri kutat\u00f3k sz\u00e1m\u00e1ra elengedhetetlen az iratok \u00fcgyviteli \u00e9s iratt\u00e1ri kezel\u00e9s\u00e9re, a lev\u00e9lt\u00e1rak m\u0171k\u00f6d\u00e9s\u00e9re, a lev\u00e9lt\u00e1ri anyagot \u00e9rint\u0151 szakfeladatokra vonatkoz\u00f3 rendelkez\u00e9sekben val\u00f3 t\u00e1j\u00e9kozotts\u00e1g.\u00a0A Lev\u00e9lt\u00e1ri korpusz\u00a0k\u00e9t f\u0151 r\u00e9szb\u0151l \u00e1ll\u00f3 gy\u0171jtem\u00e9ny:\u00a0 Munkautas\u00edt\u00e1sok, aj\u00e1nl\u00e1sok, m\u00f3dszertani \u00fatmutat\u00f3k, egykor\u00fa jogszab\u00e1lyok. Szakmai, m\u00f3dszertani kiadv\u00e1nyok &#8211; [&hellip;]\" \/>\n<meta property=\"og:url\" content=\"https:\/\/archivportal.hu\/index.php\/leveltarosoknak\/leveltari-korpusz\/\" \/>\n<meta property=\"og:site_name\" content=\"Magyar Lev\u00e9lt\u00e1ri Port\u00e1l\" \/>\n<meta property=\"article:publisher\" content=\"https:\/\/www.facebook.com\/magyarleveltarosok.egyesulete\" \/>\n<meta property=\"article:modified_time\" content=\"2022-06-22T17:56:55+00:00\" \/>\n<meta name=\"twitter:card\" content=\"summary_large_image\" \/>\n<meta name=\"twitter:label1\" content=\"Est. reading time\" \/>\n\t<meta name=\"twitter:data1\" content=\"4 minutes\" \/>\n<script type=\"application\/ld+json\" class=\"yoast-schema-graph\">{\"@context\":\"https:\\\/\\\/schema.org\",\"@graph\":[{\"@type\":\"WebPage\",\"@id\":\"https:\\\/\\\/archivportal.hu\\\/index.php\\\/leveltarosoknak\\\/leveltari-korpusz\\\/\",\"url\":\"https:\\\/\\\/archivportal.hu\\\/index.php\\\/leveltarosoknak\\\/leveltari-korpusz\\\/\",\"name\":\"LEV\u00c9LT\u00c1RI KORPUSZ - Magyar Lev\u00e9lt\u00e1ri Port\u00e1l\",\"isPartOf\":{\"@id\":\"https:\\\/\\\/archivportal.hu\\\/#website\"},\"datePublished\":\"2022-06-22T16:45:43+00:00\",\"dateModified\":\"2022-06-22T17:56:55+00:00\",\"breadcrumb\":{\"@id\":\"https:\\\/\\\/archivportal.hu\\\/index.php\\\/leveltarosoknak\\\/leveltari-korpusz\\\/#breadcrumb\"},\"inLanguage\":\"en-US\",\"potentialAction\":[{\"@type\":\"ReadAction\",\"target\":[\"https:\\\/\\\/archivportal.hu\\\/index.php\\\/leveltarosoknak\\\/leveltari-korpusz\\\/\"]}]},{\"@type\":\"BreadcrumbList\",\"@id\":\"https:\\\/\\\/archivportal.hu\\\/index.php\\\/leveltarosoknak\\\/leveltari-korpusz\\\/#breadcrumb\",\"itemListElement\":[{\"@type\":\"ListItem\",\"position\":1,\"name\":\"Home\",\"item\":\"https:\\\/\\\/archivportal.hu\\\/\"},{\"@type\":\"ListItem\",\"position\":2,\"name\":\"LEV\u00c9LT\u00c1ROSOKNAK\",\"item\":\"https:\\\/\\\/archivportal.hu\\\/index.php\\\/leveltarosoknak\\\/\"},{\"@type\":\"ListItem\",\"position\":3,\"name\":\"LEV\u00c9LT\u00c1RI KORPUSZ\"}]},{\"@type\":\"WebSite\",\"@id\":\"https:\\\/\\\/archivportal.hu\\\/#website\",\"url\":\"https:\\\/\\\/archivportal.hu\\\/\",\"name\":\"Magyar Lev\u00e9lt\u00e1ri Port\u00e1l\",\"description\":\"Az online foly\u00f3irat\",\"publisher\":{\"@id\":\"https:\\\/\\\/archivportal.hu\\\/#organization\"},\"potentialAction\":[{\"@type\":\"SearchAction\",\"target\":{\"@type\":\"EntryPoint\",\"urlTemplate\":\"https:\\\/\\\/archivportal.hu\\\/?s={search_term_string}\"},\"query-input\":{\"@type\":\"PropertyValueSpecification\",\"valueRequired\":true,\"valueName\":\"search_term_string\"}}],\"inLanguage\":\"en-US\"},{\"@type\":\"Organization\",\"@id\":\"https:\\\/\\\/archivportal.hu\\\/#organization\",\"name\":\"Magyar Lev\u00e9lt\u00e1ri Port\u00e1l\",\"url\":\"https:\\\/\\\/archivportal.hu\\\/\",\"logo\":{\"@type\":\"ImageObject\",\"inLanguage\":\"en-US\",\"@id\":\"https:\\\/\\\/archivportal.hu\\\/#\\\/schema\\\/logo\\\/image\\\/\",\"url\":\"https:\\\/\\\/archivportal.hu\\\/wp-content\\\/uploads\\\/2022\\\/06\\\/MLP_logo_HU.png\",\"contentUrl\":\"https:\\\/\\\/archivportal.hu\\\/wp-content\\\/uploads\\\/2022\\\/06\\\/MLP_logo_HU.png\",\"width\":1252,\"height\":144,\"caption\":\"Magyar Lev\u00e9lt\u00e1ri Port\u00e1l\"},\"image\":{\"@id\":\"https:\\\/\\\/archivportal.hu\\\/#\\\/schema\\\/logo\\\/image\\\/\"},\"sameAs\":[\"https:\\\/\\\/www.facebook.com\\\/magyarleveltarosok.egyesulete\"]}]}<\/script>\n<!-- \/ Yoast SEO plugin. -->","yoast_head_json":{"title":"LEV\u00c9LT\u00c1RI KORPUSZ - Magyar Lev\u00e9lt\u00e1ri Port\u00e1l","robots":{"index":"index","follow":"follow","max-snippet":"max-snippet:-1","max-image-preview":"max-image-preview:large","max-video-preview":"max-video-preview:-1"},"og_locale":"en_US","og_type":"article","og_title":"LEV\u00c9LT\u00c1RI KORPUSZ - Magyar Lev\u00e9lt\u00e1ri Port\u00e1l","og_description":"Lev\u00e9lt\u00e1ri korpusz A lev\u00e9lt\u00e1r\u00fcgy ir\u00e1nt \u00e9rdekl\u0151d\u0151, az iratkezel\u00e9ssel b\u00e1rmilyen szinten foglalkoz\u00f3 szakemberek, a gyakorl\u00f3 \u00e9s leend\u0151 lev\u00e9lt\u00e1rosok, lev\u00e9lt\u00e1ri kutat\u00f3k sz\u00e1m\u00e1ra elengedhetetlen az iratok \u00fcgyviteli \u00e9s iratt\u00e1ri kezel\u00e9s\u00e9re, a lev\u00e9lt\u00e1rak m\u0171k\u00f6d\u00e9s\u00e9re, a lev\u00e9lt\u00e1ri anyagot \u00e9rint\u0151 szakfeladatokra vonatkoz\u00f3 rendelkez\u00e9sekben val\u00f3 t\u00e1j\u00e9kozotts\u00e1g.\u00a0A Lev\u00e9lt\u00e1ri korpusz\u00a0k\u00e9t f\u0151 r\u00e9szb\u0151l \u00e1ll\u00f3 gy\u0171jtem\u00e9ny:\u00a0 Munkautas\u00edt\u00e1sok, aj\u00e1nl\u00e1sok, m\u00f3dszertani \u00fatmutat\u00f3k, egykor\u00fa jogszab\u00e1lyok. Szakmai, m\u00f3dszertani kiadv\u00e1nyok &#8211; [&hellip;]","og_url":"https:\/\/archivportal.hu\/index.php\/leveltarosoknak\/leveltari-korpusz\/","og_site_name":"Magyar Lev\u00e9lt\u00e1ri Port\u00e1l","article_publisher":"https:\/\/www.facebook.com\/magyarleveltarosok.egyesulete","article_modified_time":"2022-06-22T17:56:55+00:00","twitter_card":"summary_large_image","twitter_misc":{"Est. reading time":"4 minutes"},"schema":{"@context":"https:\/\/schema.org","@graph":[{"@type":"WebPage","@id":"https:\/\/archivportal.hu\/index.php\/leveltarosoknak\/leveltari-korpusz\/","url":"https:\/\/archivportal.hu\/index.php\/leveltarosoknak\/leveltari-korpusz\/","name":"LEV\u00c9LT\u00c1RI KORPUSZ - Magyar Lev\u00e9lt\u00e1ri Port\u00e1l","isPartOf":{"@id":"https:\/\/archivportal.hu\/#website"},"datePublished":"2022-06-22T16:45:43+00:00","dateModified":"2022-06-22T17:56:55+00:00","breadcrumb":{"@id":"https:\/\/archivportal.hu\/index.php\/leveltarosoknak\/leveltari-korpusz\/#breadcrumb"},"inLanguage":"en-US","potentialAction":[{"@type":"ReadAction","target":["https:\/\/archivportal.hu\/index.php\/leveltarosoknak\/leveltari-korpusz\/"]}]},{"@type":"BreadcrumbList","@id":"https:\/\/archivportal.hu\/index.php\/leveltarosoknak\/leveltari-korpusz\/#breadcrumb","itemListElement":[{"@type":"ListItem","position":1,"name":"Home","item":"https:\/\/archivportal.hu\/"},{"@type":"ListItem","position":2,"name":"LEV\u00c9LT\u00c1ROSOKNAK","item":"https:\/\/archivportal.hu\/index.php\/leveltarosoknak\/"},{"@type":"ListItem","position":3,"name":"LEV\u00c9LT\u00c1RI KORPUSZ"}]},{"@type":"WebSite","@id":"https:\/\/archivportal.hu\/#website","url":"https:\/\/archivportal.hu\/","name":"Magyar Lev\u00e9lt\u00e1ri Port\u00e1l","description":"Az online foly\u00f3irat","publisher":{"@id":"https:\/\/archivportal.hu\/#organization"},"potentialAction":[{"@type":"SearchAction","target":{"@type":"EntryPoint","urlTemplate":"https:\/\/archivportal.hu\/?s={search_term_string}"},"query-input":{"@type":"PropertyValueSpecification","valueRequired":true,"valueName":"search_term_string"}}],"inLanguage":"en-US"},{"@type":"Organization","@id":"https:\/\/archivportal.hu\/#organization","name":"Magyar Lev\u00e9lt\u00e1ri Port\u00e1l","url":"https:\/\/archivportal.hu\/","logo":{"@type":"ImageObject","inLanguage":"en-US","@id":"https:\/\/archivportal.hu\/#\/schema\/logo\/image\/","url":"https:\/\/archivportal.hu\/wp-content\/uploads\/2022\/06\/MLP_logo_HU.png","contentUrl":"https:\/\/archivportal.hu\/wp-content\/uploads\/2022\/06\/MLP_logo_HU.png","width":1252,"height":144,"caption":"Magyar Lev\u00e9lt\u00e1ri Port\u00e1l"},"image":{"@id":"https:\/\/archivportal.hu\/#\/schema\/logo\/image\/"},"sameAs":["https:\/\/www.facebook.com\/magyarleveltarosok.egyesulete"]}]}},"_links":{"self":[{"href":"https:\/\/archivportal.hu\/index.php\/wp-json\/wp\/v2\/pages\/2573","targetHints":{"allow":["GET"]}}],"collection":[{"href":"https:\/\/archivportal.hu\/index.php\/wp-json\/wp\/v2\/pages"}],"about":[{"href":"https:\/\/archivportal.hu\/index.php\/wp-json\/wp\/v2\/types\/page"}],"author":[{"embeddable":true,"href":"https:\/\/archivportal.hu\/index.php\/wp-json\/wp\/v2\/users\/1"}],"replies":[{"embeddable":true,"href":"https:\/\/archivportal.hu\/index.php\/wp-json\/wp\/v2\/comments?post=2573"}],"version-history":[{"count":10,"href":"https:\/\/archivportal.hu\/index.php\/wp-json\/wp\/v2\/pages\/2573\/revisions"}],"predecessor-version":[{"id":2617,"href":"https:\/\/archivportal.hu\/index.php\/wp-json\/wp\/v2\/pages\/2573\/revisions\/2617"}],"up":[{"embeddable":true,"href":"https:\/\/archivportal.hu\/index.php\/wp-json\/wp\/v2\/pages\/2582"}],"wp:attachment":[{"href":"https:\/\/archivportal.hu\/index.php\/wp-json\/wp\/v2\/media?parent=2573"}],"curies":[{"name":"wp","href":"https:\/\/api.w.org\/{rel}","templated":true}]}}