{"id":3459,"date":"2022-06-27T18:47:51","date_gmt":"2022-06-27T18:47:51","guid":{"rendered":"http:\/\/t1.archivportal.hu\/?page_id=3459"},"modified":"2025-09-05T12:12:52","modified_gmt":"2025-09-05T12:12:52","slug":"impresszum","status":"publish","type":"page","link":"https:\/\/archivportal.hu\/index.php\/impresszum\/","title":{"rendered":"Impresszum"},"content":{"rendered":"\t\t<div data-elementor-type=\"wp-page\" data-elementor-id=\"3459\" class=\"elementor elementor-3459\" data-elementor-post-type=\"page\">\n\t\t\t\t\t\t<section class=\"elementor-section elementor-top-section elementor-element elementor-element-33a226f elementor-section-boxed elementor-section-height-default elementor-section-height-default\" data-id=\"33a226f\" data-element_type=\"section\" data-e-type=\"section\">\n\t\t\t\t\t\t<div class=\"elementor-container elementor-column-gap-default\">\n\t\t\t\t\t<div class=\"elementor-column elementor-col-100 elementor-top-column elementor-element elementor-element-88e5da5\" data-id=\"88e5da5\" data-element_type=\"column\" data-e-type=\"column\" data-settings=\"{&quot;background_background&quot;:&quot;gradient&quot;}\">\n\t\t\t<div class=\"elementor-widget-wrap elementor-element-populated\">\n\t\t\t\t\t\t<div class=\"elementor-element elementor-element-d43586d elementor-widget elementor-widget-heading\" data-id=\"d43586d\" data-element_type=\"widget\" data-e-type=\"widget\" data-widget_type=\"heading.default\">\n\t\t\t\t<div class=\"elementor-widget-container\">\n\t\t\t\t\t<h2 class=\"elementor-heading-title elementor-size-default\">Impresszum<\/h2>\t\t\t\t<\/div>\n\t\t\t\t<\/div>\n\t\t\t\t<div class=\"elementor-element elementor-element-d991610 cover elementor-widget elementor-widget-spacer\" data-id=\"d991610\" data-element_type=\"widget\" data-e-type=\"widget\" data-widget_type=\"spacer.default\">\n\t\t\t\t<div class=\"elementor-widget-container\">\n\t\t\t\t\t\t\t<div class=\"elementor-spacer\">\n\t\t\t<div class=\"elementor-spacer-inner\"><\/div>\n\t\t<\/div>\n\t\t\t\t\t\t<\/div>\n\t\t\t\t<\/div>\n\t\t\t\t\t<\/div>\n\t\t<\/div>\n\t\t\t\t\t<\/div>\n\t\t<\/section>\n\t\t\t\t<section class=\"elementor-section elementor-top-section elementor-element elementor-element-4feb013 elementor-section-boxed elementor-section-height-default elementor-section-height-default\" data-id=\"4feb013\" data-element_type=\"section\" data-e-type=\"section\">\n\t\t\t\t\t\t<div class=\"elementor-container elementor-column-gap-default\">\n\t\t\t\t\t<div class=\"elementor-column elementor-col-50 elementor-top-column elementor-element elementor-element-184d108\" data-id=\"184d108\" data-element_type=\"column\" data-e-type=\"column\" data-settings=\"{&quot;background_background&quot;:&quot;gradient&quot;}\">\n\t\t\t<div class=\"elementor-widget-wrap elementor-element-populated\">\n\t\t\t\t\t\t<div class=\"elementor-element elementor-element-629381c elementor-widget elementor-widget-heading\" data-id=\"629381c\" data-element_type=\"widget\" data-e-type=\"widget\" data-widget_type=\"heading.default\">\n\t\t\t\t<div class=\"elementor-widget-container\">\n\t\t\t\t\t<h2 class=\"elementor-heading-title elementor-size-default\">Magyar Lev\u00e9lt\u00e1ri Port\u00e1l <br>Online foly\u00f3irat<\/h2>\t\t\t\t<\/div>\n\t\t\t\t<\/div>\n\t\t\t\t<div class=\"elementor-element elementor-element-f989258 elementor-widget elementor-widget-text-editor\" data-id=\"f989258\" data-element_type=\"widget\" data-e-type=\"widget\" data-widget_type=\"text-editor.default\">\n\t\t\t\t<div class=\"elementor-widget-container\">\n\t\t\t\t\t\t\t\t\t<p><strong>Kiad\u00f3: <\/strong><br>Budapest F\u0151v\u00e1ros Lev\u00e9lt\u00e1ra \u00e9s Magyar Lev\u00e9lt\u00e1rosok Egyes\u00fclete<\/p>\n<p><strong>A kiad\u00f3 sz\u00e9khelye: <\/strong><br>1139 Budapest, Teve u. 3\u20135.<\/p>\n<p><strong>Felel\u0151s kiad\u00f3:<\/strong><br>Dr. Kenyeres Istv\u00e1n Budapest F\u0151v\u00e1ros Lev\u00e9lt\u00e1ra f\u0151igazgat\u00f3ja<\/p>\t\t\t\t\t\t\t\t<\/div>\n\t\t\t\t<\/div>\n\t\t\t\t\t<\/div>\n\t\t<\/div>\n\t\t\t\t<div class=\"elementor-column elementor-col-50 elementor-top-column elementor-element elementor-element-f2503f4\" data-id=\"f2503f4\" data-element_type=\"column\" data-e-type=\"column\">\n\t\t\t<div class=\"elementor-widget-wrap elementor-element-populated\">\n\t\t\t\t\t\t<div class=\"elementor-element elementor-element-09ef45c elementor-widget elementor-widget-heading\" data-id=\"09ef45c\" data-element_type=\"widget\" data-e-type=\"widget\" data-widget_type=\"heading.default\">\n\t\t\t\t<div class=\"elementor-widget-container\">\n\t\t\t\t\t<h4 class=\"elementor-heading-title elementor-size-default\">Szerkeszt\u0151s\u00e9g<\/h4>\t\t\t\t<\/div>\n\t\t\t\t<\/div>\n\t\t\t\t<div class=\"elementor-element elementor-element-ea6e73e elementor-widget elementor-widget-text-editor\" data-id=\"ea6e73e\" data-element_type=\"widget\" data-e-type=\"widget\" data-widget_type=\"text-editor.default\">\n\t\t\t\t<div class=\"elementor-widget-container\">\n\t\t\t\t\t\t\t\t\t<p><strong>F\u0151szerkeszt\u0151:<\/strong><\/p>\n<ul>\n<li>Dr. Ternov\u00e1cz B\u00e1lint (Budapest F\u0151v\u00e1ros Lev\u00e9lt\u00e1ra)<\/li>\n<\/ul>\n<p><strong><br>Szerkeszt\u0151s\u00e9gi titk\u00e1r:<\/strong><\/p>\n<ul>\n<li>Dr. Garami Erika (Budapest F\u0151v\u00e1ros Lev\u00e9lt\u00e1ra)<\/li>\n<\/ul>\n<p><strong><br>Szerkeszt\u0151k:<\/strong><\/p>\n<ul>\n<li>Fazekasn\u00e9 Dr. Toma Katalin&nbsp; (Budapest F\u0151v\u00e1ros Lev\u00e9lt\u00e1ra)<\/li>\n<li>Dr. Feh\u00e9r Csaba (Budapest F\u0151v\u00e1ros Lev\u00e9lt\u00e1ra)<\/li>\n<li>Homor P\u00e9ter (Magyar Fels\u0151oktat\u00e1si Lev\u00e9lt\u00e1ri Sz\u00f6vets\u00e9g)<\/li>\n<li>Sipt\u00e1r D\u00e1niel (Jezsuita Lev\u00e9lt\u00e1r \u00e9s Rendt\u00f6rt\u00e9neti K\u00f6nyvt\u00e1r)<\/li>\n<li>T\u00f3th Gergely (Budapest F\u0151v\u00e1ros Lev\u00e9lt\u00e1ra)<\/li>\n<\/ul>\t\t\t\t\t\t\t\t<\/div>\n\t\t\t\t<\/div>\n\t\t\t\t<div class=\"elementor-element elementor-element-a976391 elementor-widget elementor-widget-heading\" data-id=\"a976391\" data-element_type=\"widget\" data-e-type=\"widget\" data-widget_type=\"heading.default\">\n\t\t\t\t<div class=\"elementor-widget-container\">\n\t\t\t\t\t<h4 class=\"elementor-heading-title elementor-size-default\">Szerkeszt\u0151s\u00e9gi el\u00e9rhet\u0151s\u00e9gek:<\/h4>\t\t\t\t<\/div>\n\t\t\t\t<\/div>\n\t\t\t\t<div class=\"elementor-element elementor-element-d85d86d elementor-widget elementor-widget-text-editor\" data-id=\"d85d86d\" data-element_type=\"widget\" data-e-type=\"widget\" data-widget_type=\"text-editor.default\">\n\t\t\t\t<div class=\"elementor-widget-container\">\n\t\t\t\t\t\t\t\t\t<p><strong>Postai c\u00edm:<\/strong><\/p><ul><li>1139 Budapest, Teve u. 3\u20135.; 1554 Budapest, Pf. 41.<\/li><\/ul><p><strong><br \/>E-mail:<\/strong><\/p><ul><li>Szerkeszt\u0151s\u00e9g: <a href=\"mailto:archivportal@bparchiv.hu\">archivportal@bparchiv.hu<\/a><\/li><li>F\u0151szerkeszt\u0151: <a href=\"mailto:ternovacz.balint@bparchiv.hu\">ternovacz.balint@bparchiv.hu<\/a> (Dr. Ternov\u00e1cz B\u00e1lint)<\/li><li>Szerkeszt\u0151s\u00e9gi titk\u00e1r: <a href=\"mailto:garami.erika@bparchiv.hu\">garami.erika@bparchiv.hu<\/a> (Dr. Garami Erika)<\/li><\/ul>\t\t\t\t\t\t\t\t<\/div>\n\t\t\t\t<\/div>\n\t\t\t\t\t<\/div>\n\t\t<\/div>\n\t\t\t\t\t<\/div>\n\t\t<\/section>\n\t\t\t\t<section class=\"elementor-section elementor-top-section elementor-element elementor-element-b519bce elementor-section-boxed elementor-section-height-default elementor-section-height-default\" data-id=\"b519bce\" data-element_type=\"section\" data-e-type=\"section\">\n\t\t\t\t\t\t<div class=\"elementor-container elementor-column-gap-default\">\n\t\t\t\t\t<div class=\"elementor-column elementor-col-100 elementor-top-column elementor-element elementor-element-a4b7ab9\" data-id=\"a4b7ab9\" data-element_type=\"column\" data-e-type=\"column\">\n\t\t\t<div class=\"elementor-widget-wrap elementor-element-populated\">\n\t\t\t\t\t\t<div class=\"elementor-element elementor-element-ed7bb29 elementor-widget elementor-widget-text-editor\" data-id=\"ed7bb29\" data-element_type=\"widget\" data-e-type=\"widget\" data-widget_type=\"text-editor.default\">\n\t\t\t\t<div class=\"elementor-widget-container\">\n\t\t\t\t\t\t\t\t\t<p>A Magyar Lev\u00e9lt\u00e1rosok Egyes\u00fclete m\u0171k\u00f6d\u00e9s\u00e9t t\u00e1mogatja a NEA, a Minisztereln\u00f6ks\u00e9g \u00e9s a Bethlen G\u00e1bor alapkezel\u0151 Zrt.<\/p>\t\t\t\t\t\t\t\t<\/div>\n\t\t\t\t<\/div>\n\t\t\t\t<section class=\"elementor-section elementor-inner-section elementor-element elementor-element-31a3049 elementor-section-boxed elementor-section-height-default elementor-section-height-default\" data-id=\"31a3049\" data-element_type=\"section\" data-e-type=\"section\">\n\t\t\t\t\t\t<div class=\"elementor-container elementor-column-gap-default\">\n\t\t\t\t\t<div class=\"elementor-column elementor-col-33 elementor-inner-column elementor-element elementor-element-da41cc2\" data-id=\"da41cc2\" data-element_type=\"column\" data-e-type=\"column\">\n\t\t\t<div class=\"elementor-widget-wrap elementor-element-populated\">\n\t\t\t\t\t\t<div class=\"elementor-element elementor-element-01697ee elementor-widget elementor-widget-image\" data-id=\"01697ee\" data-element_type=\"widget\" data-e-type=\"widget\" data-widget_type=\"image.default\">\n\t\t\t\t<div class=\"elementor-widget-container\">\n\t\t\t\t\t\t\t\t\t\t\t\t\t\t\t<img fetchpriority=\"high\" decoding=\"async\" width=\"800\" height=\"600\" src=\"https:\/\/archivportal.hu\/wp-content\/uploads\/2022\/06\/NEA-copy.png\" class=\"attachment-large size-large wp-image-3465\" alt=\"\" srcset=\"https:\/\/archivportal.hu\/wp-content\/uploads\/2022\/06\/NEA-copy.png 1000w, https:\/\/archivportal.hu\/wp-content\/uploads\/2022\/06\/NEA-copy-300x225.png 300w, https:\/\/archivportal.hu\/wp-content\/uploads\/2022\/06\/NEA-copy-768x576.png 768w\" sizes=\"(max-width: 800px) 100vw, 800px\" \/>\t\t\t\t\t\t\t\t\t\t\t\t\t\t\t<\/div>\n\t\t\t\t<\/div>\n\t\t\t\t\t<\/div>\n\t\t<\/div>\n\t\t\t\t<div class=\"elementor-column elementor-col-33 elementor-inner-column elementor-element elementor-element-d2ffe50\" data-id=\"d2ffe50\" data-element_type=\"column\" data-e-type=\"column\">\n\t\t\t<div class=\"elementor-widget-wrap elementor-element-populated\">\n\t\t\t\t\t\t<div class=\"elementor-element elementor-element-9272b80 elementor-widget elementor-widget-image\" data-id=\"9272b80\" data-element_type=\"widget\" data-e-type=\"widget\" data-widget_type=\"image.default\">\n\t\t\t\t<div class=\"elementor-widget-container\">\n\t\t\t\t\t\t\t\t\t\t\t\t\t\t\t<img decoding=\"async\" width=\"800\" height=\"600\" src=\"https:\/\/archivportal.hu\/wp-content\/uploads\/2022\/06\/miniszterelnokseg_2022_alap2.png\" class=\"attachment-large size-large wp-image-3466\" alt=\"\" srcset=\"https:\/\/archivportal.hu\/wp-content\/uploads\/2022\/06\/miniszterelnokseg_2022_alap2.png 1000w, https:\/\/archivportal.hu\/wp-content\/uploads\/2022\/06\/miniszterelnokseg_2022_alap2-300x225.png 300w, https:\/\/archivportal.hu\/wp-content\/uploads\/2022\/06\/miniszterelnokseg_2022_alap2-768x576.png 768w\" sizes=\"(max-width: 800px) 100vw, 800px\" \/>\t\t\t\t\t\t\t\t\t\t\t\t\t\t\t<\/div>\n\t\t\t\t<\/div>\n\t\t\t\t\t<\/div>\n\t\t<\/div>\n\t\t\t\t<div class=\"elementor-column elementor-col-33 elementor-inner-column elementor-element elementor-element-6e3a25c\" data-id=\"6e3a25c\" data-element_type=\"column\" data-e-type=\"column\">\n\t\t\t<div class=\"elementor-widget-wrap elementor-element-populated\">\n\t\t\t\t\t\t<div class=\"elementor-element elementor-element-1702163 elementor-widget elementor-widget-image\" data-id=\"1702163\" data-element_type=\"widget\" data-e-type=\"widget\" data-widget_type=\"image.default\">\n\t\t\t\t<div class=\"elementor-widget-container\">\n\t\t\t\t\t\t\t\t\t\t\t\t\t\t\t<img decoding=\"async\" width=\"800\" height=\"600\" src=\"https:\/\/archivportal.hu\/wp-content\/uploads\/2022\/06\/bga_logo_indexkep_1600x1200.png\" class=\"attachment-large size-large wp-image-3464\" alt=\"\" srcset=\"https:\/\/archivportal.hu\/wp-content\/uploads\/2022\/06\/bga_logo_indexkep_1600x1200.png 1000w, https:\/\/archivportal.hu\/wp-content\/uploads\/2022\/06\/bga_logo_indexkep_1600x1200-300x225.png 300w, https:\/\/archivportal.hu\/wp-content\/uploads\/2022\/06\/bga_logo_indexkep_1600x1200-768x576.png 768w\" sizes=\"(max-width: 800px) 100vw, 800px\" \/>\t\t\t\t\t\t\t\t\t\t\t\t\t\t\t<\/div>\n\t\t\t\t<\/div>\n\t\t\t\t\t<\/div>\n\t\t<\/div>\n\t\t\t\t\t<\/div>\n\t\t<\/section>\n\t\t\t\t<div class=\"elementor-element elementor-element-b78fd89 elementor-widget elementor-widget-text-editor\" data-id=\"b78fd89\" data-element_type=\"widget\" data-e-type=\"widget\" data-widget_type=\"text-editor.default\">\n\t\t\t\t<div class=\"elementor-widget-container\">\n\t\t\t\t\t\t\t\t\t<p>Budapest F\u0151v\u00e1ros Lev\u00e9lt\u00e1ra, a Magyar Lev\u00e9lt\u00e1rosok Egyes\u00fclete \u00e9s a Magyar Lev\u00e9lt\u00e1ri Port\u00e1l online foly\u00f3irat szerkeszt\u0151s\u00e9ge fenntart minden, a port\u00e1l b\u00e1rmely r\u00e9sz\u00e9nek, b\u00e1rmilyen m\u00f3dszerrel, technik\u00e1val t\u00f6rt\u00e9n\u0151 m\u00e1sol\u00e1s\u00e1val \u00e9s terjeszt\u00e9s\u00e9vel kapcsolatos jogot.<\/p>\t\t\t\t\t\t\t\t<\/div>\n\t\t\t\t<\/div>\n\t\t\t\t\t<\/div>\n\t\t<\/div>\n\t\t\t\t\t<\/div>\n\t\t<\/section>\n\t\t\t\t<\/div>\n\t\t","protected":false},"excerpt":{"rendered":"<p>Impresszum Magyar Lev\u00e9lt\u00e1ri Port\u00e1l Online foly\u00f3irat Kiad\u00f3: Budapest F\u0151v\u00e1ros Lev\u00e9lt\u00e1ra \u00e9s Magyar Lev\u00e9lt\u00e1rosok Egyes\u00fclete A kiad\u00f3 sz\u00e9khelye: 1139 Budapest, Teve u. 3\u20135. Felel\u0151s kiad\u00f3:Dr. Kenyeres Istv\u00e1n Budapest F\u0151v\u00e1ros Lev\u00e9lt\u00e1ra f\u0151igazgat\u00f3ja Szerkeszt\u0151s\u00e9g F\u0151szerkeszt\u0151: Dr. Ternov\u00e1cz B\u00e1lint (Budapest F\u0151v\u00e1ros Lev\u00e9lt\u00e1ra) Szerkeszt\u0151s\u00e9gi titk\u00e1r: Dr. Garami Erika (Budapest F\u0151v\u00e1ros Lev\u00e9lt\u00e1ra) Szerkeszt\u0151k: Fazekasn\u00e9 Dr. Toma Katalin&nbsp; (Budapest F\u0151v\u00e1ros Lev\u00e9lt\u00e1ra) Dr. [&hellip;]<\/p>\n","protected":false},"author":1,"featured_media":0,"parent":0,"menu_order":0,"comment_status":"closed","ping_status":"closed","template":"","meta":{"_acf_changed":false,"footnotes":"","_links_to":"","_links_to_target":""},"class_list":["post-3459","page","type-page","status-publish","hentry"],"acf":[],"yoast_head":"<!-- This site is optimized with the Yoast SEO plugin v27.5 - https:\/\/yoast.com\/product\/yoast-seo-wordpress\/ -->\n<title>Impresszum - Magyar Lev\u00e9lt\u00e1ri Port\u00e1l<\/title>\n<meta name=\"robots\" content=\"index, follow, max-snippet:-1, max-image-preview:large, max-video-preview:-1\" \/>\n<meta property=\"og:locale\" content=\"en_US\" \/>\n<meta property=\"og:type\" content=\"article\" \/>\n<meta property=\"og:title\" content=\"Impresszum - Magyar Lev\u00e9lt\u00e1ri Port\u00e1l\" \/>\n<meta property=\"og:description\" content=\"Impresszum Magyar Lev\u00e9lt\u00e1ri Port\u00e1l Online foly\u00f3irat Kiad\u00f3: Budapest F\u0151v\u00e1ros Lev\u00e9lt\u00e1ra \u00e9s Magyar Lev\u00e9lt\u00e1rosok Egyes\u00fclete A kiad\u00f3 sz\u00e9khelye: 1139 Budapest, Teve u. 3\u20135. Felel\u0151s kiad\u00f3:Dr. Kenyeres Istv\u00e1n Budapest F\u0151v\u00e1ros Lev\u00e9lt\u00e1ra f\u0151igazgat\u00f3ja Szerkeszt\u0151s\u00e9g F\u0151szerkeszt\u0151: Dr. Ternov\u00e1cz B\u00e1lint (Budapest F\u0151v\u00e1ros Lev\u00e9lt\u00e1ra) Szerkeszt\u0151s\u00e9gi titk\u00e1r: Dr. Garami Erika (Budapest F\u0151v\u00e1ros Lev\u00e9lt\u00e1ra) Szerkeszt\u0151k: Fazekasn\u00e9 Dr. Toma Katalin&nbsp; (Budapest F\u0151v\u00e1ros Lev\u00e9lt\u00e1ra) Dr. [&hellip;]\" \/>\n<meta property=\"og:url\" content=\"https:\/\/archivportal.hu\/index.php\/impresszum\/\" \/>\n<meta property=\"og:site_name\" content=\"Magyar Lev\u00e9lt\u00e1ri Port\u00e1l\" \/>\n<meta property=\"article:publisher\" content=\"https:\/\/www.facebook.com\/magyarleveltarosok.egyesulete\" \/>\n<meta property=\"article:modified_time\" content=\"2025-09-05T12:12:52+00:00\" \/>\n<meta property=\"og:image\" content=\"https:\/\/archivportal.hu\/wp-content\/uploads\/2022\/06\/NEA-copy.png\" \/>\n\t<meta property=\"og:image:width\" content=\"1000\" \/>\n\t<meta property=\"og:image:height\" content=\"750\" \/>\n\t<meta property=\"og:image:type\" content=\"image\/png\" \/>\n<meta name=\"twitter:card\" content=\"summary_large_image\" \/>\n<meta name=\"twitter:label1\" content=\"Est. reading time\" \/>\n\t<meta name=\"twitter:data1\" content=\"2 minutes\" \/>\n<script type=\"application\/ld+json\" class=\"yoast-schema-graph\">{\"@context\":\"https:\\\/\\\/schema.org\",\"@graph\":[{\"@type\":\"WebPage\",\"@id\":\"https:\\\/\\\/archivportal.hu\\\/index.php\\\/impresszum\\\/\",\"url\":\"https:\\\/\\\/archivportal.hu\\\/index.php\\\/impresszum\\\/\",\"name\":\"Impresszum - Magyar Lev\u00e9lt\u00e1ri Port\u00e1l\",\"isPartOf\":{\"@id\":\"https:\\\/\\\/archivportal.hu\\\/#website\"},\"primaryImageOfPage\":{\"@id\":\"https:\\\/\\\/archivportal.hu\\\/index.php\\\/impresszum\\\/#primaryimage\"},\"image\":{\"@id\":\"https:\\\/\\\/archivportal.hu\\\/index.php\\\/impresszum\\\/#primaryimage\"},\"thumbnailUrl\":\"https:\\\/\\\/archivportal.hu\\\/wp-content\\\/uploads\\\/2022\\\/06\\\/NEA-copy.png\",\"datePublished\":\"2022-06-27T18:47:51+00:00\",\"dateModified\":\"2025-09-05T12:12:52+00:00\",\"breadcrumb\":{\"@id\":\"https:\\\/\\\/archivportal.hu\\\/index.php\\\/impresszum\\\/#breadcrumb\"},\"inLanguage\":\"en-US\",\"potentialAction\":[{\"@type\":\"ReadAction\",\"target\":[\"https:\\\/\\\/archivportal.hu\\\/index.php\\\/impresszum\\\/\"]}]},{\"@type\":\"ImageObject\",\"inLanguage\":\"en-US\",\"@id\":\"https:\\\/\\\/archivportal.hu\\\/index.php\\\/impresszum\\\/#primaryimage\",\"url\":\"https:\\\/\\\/archivportal.hu\\\/wp-content\\\/uploads\\\/2022\\\/06\\\/NEA-copy.png\",\"contentUrl\":\"https:\\\/\\\/archivportal.hu\\\/wp-content\\\/uploads\\\/2022\\\/06\\\/NEA-copy.png\",\"width\":1000,\"height\":750},{\"@type\":\"BreadcrumbList\",\"@id\":\"https:\\\/\\\/archivportal.hu\\\/index.php\\\/impresszum\\\/#breadcrumb\",\"itemListElement\":[{\"@type\":\"ListItem\",\"position\":1,\"name\":\"Home\",\"item\":\"https:\\\/\\\/archivportal.hu\\\/\"},{\"@type\":\"ListItem\",\"position\":2,\"name\":\"Impresszum\"}]},{\"@type\":\"WebSite\",\"@id\":\"https:\\\/\\\/archivportal.hu\\\/#website\",\"url\":\"https:\\\/\\\/archivportal.hu\\\/\",\"name\":\"Magyar Lev\u00e9lt\u00e1ri Port\u00e1l\",\"description\":\"Az online foly\u00f3irat\",\"publisher\":{\"@id\":\"https:\\\/\\\/archivportal.hu\\\/#organization\"},\"potentialAction\":[{\"@type\":\"SearchAction\",\"target\":{\"@type\":\"EntryPoint\",\"urlTemplate\":\"https:\\\/\\\/archivportal.hu\\\/?s={search_term_string}\"},\"query-input\":{\"@type\":\"PropertyValueSpecification\",\"valueRequired\":true,\"valueName\":\"search_term_string\"}}],\"inLanguage\":\"en-US\"},{\"@type\":\"Organization\",\"@id\":\"https:\\\/\\\/archivportal.hu\\\/#organization\",\"name\":\"Magyar Lev\u00e9lt\u00e1ri Port\u00e1l\",\"url\":\"https:\\\/\\\/archivportal.hu\\\/\",\"logo\":{\"@type\":\"ImageObject\",\"inLanguage\":\"en-US\",\"@id\":\"https:\\\/\\\/archivportal.hu\\\/#\\\/schema\\\/logo\\\/image\\\/\",\"url\":\"https:\\\/\\\/archivportal.hu\\\/wp-content\\\/uploads\\\/2022\\\/06\\\/MLP_logo_HU.png\",\"contentUrl\":\"https:\\\/\\\/archivportal.hu\\\/wp-content\\\/uploads\\\/2022\\\/06\\\/MLP_logo_HU.png\",\"width\":1252,\"height\":144,\"caption\":\"Magyar Lev\u00e9lt\u00e1ri Port\u00e1l\"},\"image\":{\"@id\":\"https:\\\/\\\/archivportal.hu\\\/#\\\/schema\\\/logo\\\/image\\\/\"},\"sameAs\":[\"https:\\\/\\\/www.facebook.com\\\/magyarleveltarosok.egyesulete\"]}]}<\/script>\n<!-- \/ Yoast SEO plugin. -->","yoast_head_json":{"title":"Impresszum - Magyar Lev\u00e9lt\u00e1ri Port\u00e1l","robots":{"index":"index","follow":"follow","max-snippet":"max-snippet:-1","max-image-preview":"max-image-preview:large","max-video-preview":"max-video-preview:-1"},"og_locale":"en_US","og_type":"article","og_title":"Impresszum - Magyar Lev\u00e9lt\u00e1ri Port\u00e1l","og_description":"Impresszum Magyar Lev\u00e9lt\u00e1ri Port\u00e1l Online foly\u00f3irat Kiad\u00f3: Budapest F\u0151v\u00e1ros Lev\u00e9lt\u00e1ra \u00e9s Magyar Lev\u00e9lt\u00e1rosok Egyes\u00fclete A kiad\u00f3 sz\u00e9khelye: 1139 Budapest, Teve u. 3\u20135. Felel\u0151s kiad\u00f3:Dr. Kenyeres Istv\u00e1n Budapest F\u0151v\u00e1ros Lev\u00e9lt\u00e1ra f\u0151igazgat\u00f3ja Szerkeszt\u0151s\u00e9g F\u0151szerkeszt\u0151: Dr. Ternov\u00e1cz B\u00e1lint (Budapest F\u0151v\u00e1ros Lev\u00e9lt\u00e1ra) Szerkeszt\u0151s\u00e9gi titk\u00e1r: Dr. Garami Erika (Budapest F\u0151v\u00e1ros Lev\u00e9lt\u00e1ra) Szerkeszt\u0151k: Fazekasn\u00e9 Dr. Toma Katalin&nbsp; (Budapest F\u0151v\u00e1ros Lev\u00e9lt\u00e1ra) Dr. [&hellip;]","og_url":"https:\/\/archivportal.hu\/index.php\/impresszum\/","og_site_name":"Magyar Lev\u00e9lt\u00e1ri Port\u00e1l","article_publisher":"https:\/\/www.facebook.com\/magyarleveltarosok.egyesulete","article_modified_time":"2025-09-05T12:12:52+00:00","og_image":[{"width":1000,"height":750,"url":"https:\/\/archivportal.hu\/wp-content\/uploads\/2022\/06\/NEA-copy.png","type":"image\/png"}],"twitter_card":"summary_large_image","twitter_misc":{"Est. reading time":"2 minutes"},"schema":{"@context":"https:\/\/schema.org","@graph":[{"@type":"WebPage","@id":"https:\/\/archivportal.hu\/index.php\/impresszum\/","url":"https:\/\/archivportal.hu\/index.php\/impresszum\/","name":"Impresszum - Magyar Lev\u00e9lt\u00e1ri Port\u00e1l","isPartOf":{"@id":"https:\/\/archivportal.hu\/#website"},"primaryImageOfPage":{"@id":"https:\/\/archivportal.hu\/index.php\/impresszum\/#primaryimage"},"image":{"@id":"https:\/\/archivportal.hu\/index.php\/impresszum\/#primaryimage"},"thumbnailUrl":"https:\/\/archivportal.hu\/wp-content\/uploads\/2022\/06\/NEA-copy.png","datePublished":"2022-06-27T18:47:51+00:00","dateModified":"2025-09-05T12:12:52+00:00","breadcrumb":{"@id":"https:\/\/archivportal.hu\/index.php\/impresszum\/#breadcrumb"},"inLanguage":"en-US","potentialAction":[{"@type":"ReadAction","target":["https:\/\/archivportal.hu\/index.php\/impresszum\/"]}]},{"@type":"ImageObject","inLanguage":"en-US","@id":"https:\/\/archivportal.hu\/index.php\/impresszum\/#primaryimage","url":"https:\/\/archivportal.hu\/wp-content\/uploads\/2022\/06\/NEA-copy.png","contentUrl":"https:\/\/archivportal.hu\/wp-content\/uploads\/2022\/06\/NEA-copy.png","width":1000,"height":750},{"@type":"BreadcrumbList","@id":"https:\/\/archivportal.hu\/index.php\/impresszum\/#breadcrumb","itemListElement":[{"@type":"ListItem","position":1,"name":"Home","item":"https:\/\/archivportal.hu\/"},{"@type":"ListItem","position":2,"name":"Impresszum"}]},{"@type":"WebSite","@id":"https:\/\/archivportal.hu\/#website","url":"https:\/\/archivportal.hu\/","name":"Magyar Lev\u00e9lt\u00e1ri Port\u00e1l","description":"Az online foly\u00f3irat","publisher":{"@id":"https:\/\/archivportal.hu\/#organization"},"potentialAction":[{"@type":"SearchAction","target":{"@type":"EntryPoint","urlTemplate":"https:\/\/archivportal.hu\/?s={search_term_string}"},"query-input":{"@type":"PropertyValueSpecification","valueRequired":true,"valueName":"search_term_string"}}],"inLanguage":"en-US"},{"@type":"Organization","@id":"https:\/\/archivportal.hu\/#organization","name":"Magyar Lev\u00e9lt\u00e1ri Port\u00e1l","url":"https:\/\/archivportal.hu\/","logo":{"@type":"ImageObject","inLanguage":"en-US","@id":"https:\/\/archivportal.hu\/#\/schema\/logo\/image\/","url":"https:\/\/archivportal.hu\/wp-content\/uploads\/2022\/06\/MLP_logo_HU.png","contentUrl":"https:\/\/archivportal.hu\/wp-content\/uploads\/2022\/06\/MLP_logo_HU.png","width":1252,"height":144,"caption":"Magyar Lev\u00e9lt\u00e1ri Port\u00e1l"},"image":{"@id":"https:\/\/archivportal.hu\/#\/schema\/logo\/image\/"},"sameAs":["https:\/\/www.facebook.com\/magyarleveltarosok.egyesulete"]}]}},"_links":{"self":[{"href":"https:\/\/archivportal.hu\/index.php\/wp-json\/wp\/v2\/pages\/3459","targetHints":{"allow":["GET"]}}],"collection":[{"href":"https:\/\/archivportal.hu\/index.php\/wp-json\/wp\/v2\/pages"}],"about":[{"href":"https:\/\/archivportal.hu\/index.php\/wp-json\/wp\/v2\/types\/page"}],"author":[{"embeddable":true,"href":"https:\/\/archivportal.hu\/index.php\/wp-json\/wp\/v2\/users\/1"}],"replies":[{"embeddable":true,"href":"https:\/\/archivportal.hu\/index.php\/wp-json\/wp\/v2\/comments?post=3459"}],"version-history":[{"count":61,"href":"https:\/\/archivportal.hu\/index.php\/wp-json\/wp\/v2\/pages\/3459\/revisions"}],"predecessor-version":[{"id":7617,"href":"https:\/\/archivportal.hu\/index.php\/wp-json\/wp\/v2\/pages\/3459\/revisions\/7617"}],"wp:attachment":[{"href":"https:\/\/archivportal.hu\/index.php\/wp-json\/wp\/v2\/media?parent=3459"}],"curies":[{"name":"wp","href":"https:\/\/api.w.org\/{rel}","templated":true}]}}