{"id":3805,"date":"2022-07-01T18:29:34","date_gmt":"2022-07-01T18:29:34","guid":{"rendered":"http:\/\/t1.archivportal.hu\/?page_id=3805"},"modified":"2026-01-12T13:29:09","modified_gmt":"2026-01-12T13:29:09","slug":"leveltari-szemle","status":"publish","type":"page","link":"https:\/\/archivportal.hu\/index.php\/egyesulet\/leveltari-szemle\/","title":{"rendered":"LEV\u00c9LT\u00c1RI SZEMLE"},"content":{"rendered":"\t\t<div data-elementor-type=\"wp-page\" data-elementor-id=\"3805\" class=\"elementor elementor-3805\" data-elementor-post-type=\"page\">\n\t\t\t\t\t\t<section class=\"elementor-section elementor-top-section elementor-element elementor-element-08b3c98 elementor-section-boxed elementor-section-height-default elementor-section-height-default\" data-id=\"08b3c98\" data-element_type=\"section\" data-e-type=\"section\">\n\t\t\t\t\t\t<div class=\"elementor-container elementor-column-gap-default\">\n\t\t\t\t\t<div class=\"elementor-column elementor-col-100 elementor-top-column elementor-element elementor-element-f9bfcf0\" data-id=\"f9bfcf0\" data-element_type=\"column\" data-e-type=\"column\" data-settings=\"{&quot;background_background&quot;:&quot;gradient&quot;}\">\n\t\t\t<div class=\"elementor-widget-wrap elementor-element-populated\">\n\t\t\t\t\t\t<div class=\"elementor-element elementor-element-ee332c3 elementor-widget elementor-widget-heading\" data-id=\"ee332c3\" data-element_type=\"widget\" data-e-type=\"widget\" data-widget_type=\"heading.default\">\n\t\t\t\t<div class=\"elementor-widget-container\">\n\t\t\t\t\t<h2 class=\"elementor-heading-title elementor-size-default\">Lev\u00e9lt\u00e1ri Szemle<\/h2>\t\t\t\t<\/div>\n\t\t\t\t<\/div>\n\t\t\t\t<div class=\"elementor-element elementor-element-55b0b48 cover elementor-widget elementor-widget-spacer\" data-id=\"55b0b48\" data-element_type=\"widget\" data-e-type=\"widget\" data-widget_type=\"spacer.default\">\n\t\t\t\t<div class=\"elementor-widget-container\">\n\t\t\t\t\t\t\t<div class=\"elementor-spacer\">\n\t\t\t<div class=\"elementor-spacer-inner\"><\/div>\n\t\t<\/div>\n\t\t\t\t\t\t<\/div>\n\t\t\t\t<\/div>\n\t\t\t\t\t<\/div>\n\t\t<\/div>\n\t\t\t\t\t<\/div>\n\t\t<\/section>\n\t\t\t\t<section class=\"elementor-section elementor-top-section elementor-element elementor-element-eb2e363 elementor-section-boxed elementor-section-height-default elementor-section-height-default\" data-id=\"eb2e363\" data-element_type=\"section\" data-e-type=\"section\">\n\t\t\t\t\t\t<div class=\"elementor-container elementor-column-gap-default\">\n\t\t\t\t\t<div class=\"elementor-column elementor-col-50 elementor-top-column elementor-element elementor-element-76ffcf0\" data-id=\"76ffcf0\" data-element_type=\"column\" data-e-type=\"column\" data-settings=\"{&quot;background_background&quot;:&quot;classic&quot;}\">\n\t\t\t<div class=\"elementor-widget-wrap elementor-element-populated\">\n\t\t\t\t\t<div class=\"elementor-background-overlay\"><\/div>\n\t\t\t\t\t\t<div class=\"elementor-element elementor-element-8c99be7 elementor-widget elementor-widget-image\" data-id=\"8c99be7\" data-element_type=\"widget\" data-e-type=\"widget\" data-widget_type=\"image.default\">\n\t\t\t\t<div class=\"elementor-widget-container\">\n\t\t\t\t\t\t\t\t\t\t\t\t\t\t\t\t<a href=\"https:\/\/library.hungaricana.hu\/hu\/collection\/mltk_leveltari_szemle\/\" target=\"_blank\">\n\t\t\t\t\t\t\t<img fetchpriority=\"high\" decoding=\"async\" width=\"725\" height=\"1024\" src=\"https:\/\/archivportal.hu\/wp-content\/uploads\/2025\/05\/75_1-725x1024.jpg\" class=\"attachment-large size-large wp-image-7483\" alt=\"\" srcset=\"https:\/\/archivportal.hu\/wp-content\/uploads\/2025\/05\/75_1-725x1024.jpg 725w, https:\/\/archivportal.hu\/wp-content\/uploads\/2025\/05\/75_1-212x300.jpg 212w, https:\/\/archivportal.hu\/wp-content\/uploads\/2025\/05\/75_1-768x1084.jpg 768w, https:\/\/archivportal.hu\/wp-content\/uploads\/2025\/05\/75_1-1088x1536.jpg 1088w, https:\/\/archivportal.hu\/wp-content\/uploads\/2025\/05\/75_1-1451x2048.jpg 1451w, https:\/\/archivportal.hu\/wp-content\/uploads\/2025\/05\/75_1-scaled.jpg 1813w\" sizes=\"(max-width: 725px) 100vw, 725px\" \/>\t\t\t\t\t\t\t\t<\/a>\n\t\t\t\t\t\t\t\t\t\t\t\t\t\t\t<\/div>\n\t\t\t\t<\/div>\n\t\t\t\t<div class=\"elementor-element elementor-element-d896ffe elementor-align-justify elementor-widget elementor-widget-button\" data-id=\"d896ffe\" data-element_type=\"widget\" data-e-type=\"widget\" data-widget_type=\"button.default\">\n\t\t\t\t<div class=\"elementor-widget-container\">\n\t\t\t\t\t\t\t\t\t<div class=\"elementor-button-wrapper\">\n\t\t\t\t\t<a class=\"elementor-button elementor-button-link elementor-size-sm\" href=\"https:\/\/library.hungaricana.hu\/hu\/collection\/mltk_leveltari_szemle\/\" target=\"_blank\">\n\t\t\t\t\t\t<span class=\"elementor-button-content-wrapper\">\n\t\t\t\t\t\t\t\t\t<span class=\"elementor-button-text\">Lev\u00e9lt\u00e1ri Szemle a Hungaricana oldal\u00e1n<\/span>\n\t\t\t\t\t<\/span>\n\t\t\t\t\t<\/a>\n\t\t\t\t<\/div>\n\t\t\t\t\t\t\t\t<\/div>\n\t\t\t\t<\/div>\n\t\t\t\t<div class=\"elementor-element elementor-element-ba6faaa elementor-align-justify elementor-widget elementor-widget-button\" data-id=\"ba6faaa\" data-element_type=\"widget\" data-e-type=\"widget\" data-widget_type=\"button.default\">\n\t\t\t\t<div class=\"elementor-widget-container\">\n\t\t\t\t\t\t\t\t\t<div class=\"elementor-button-wrapper\">\n\t\t\t\t\t<a class=\"elementor-button elementor-button-link elementor-size-sm\" href=\"https:\/\/archivportal.hu\/wp-content\/uploads\/2022\/07\/lsz_szerzoi_utmutato_2022.pdf\">\n\t\t\t\t\t\t<span class=\"elementor-button-content-wrapper\">\n\t\t\t\t\t\t\t\t\t<span class=\"elementor-button-text\">\u00datmutat\u00f3 szerz\u0151k sz\u00e1m\u00e1ra<\/span>\n\t\t\t\t\t<\/span>\n\t\t\t\t\t<\/a>\n\t\t\t\t<\/div>\n\t\t\t\t\t\t\t\t<\/div>\n\t\t\t\t<\/div>\n\t\t\t\t<div class=\"elementor-element elementor-element-116a3ae elementor-align-justify elementor-widget elementor-widget-button\" data-id=\"116a3ae\" data-element_type=\"widget\" data-e-type=\"widget\" data-widget_type=\"button.default\">\n\t\t\t\t<div class=\"elementor-widget-container\">\n\t\t\t\t\t\t\t\t\t<div class=\"elementor-button-wrapper\">\n\t\t\t\t\t<a class=\"elementor-button elementor-button-link elementor-size-sm\" href=\"https:\/\/archivportal.hu\/wp-content\/uploads\/2022\/07\/interjuk_a_leveltarugyrol_.pdf\">\n\t\t\t\t\t\t<span class=\"elementor-button-content-wrapper\">\n\t\t\t\t\t\t\t\t\t<span class=\"elementor-button-text\">\u00datmutat\u00f3 interj\u00fak\u00e9sz\u00edt\u00e9shez<\/span>\n\t\t\t\t\t<\/span>\n\t\t\t\t\t<\/a>\n\t\t\t\t<\/div>\n\t\t\t\t\t\t\t\t<\/div>\n\t\t\t\t<\/div>\n\t\t\t\t<div class=\"elementor-element elementor-element-396c392 elementor-align-justify elementor-widget elementor-widget-button\" data-id=\"396c392\" data-element_type=\"widget\" data-e-type=\"widget\" data-widget_type=\"button.default\">\n\t\t\t\t<div class=\"elementor-widget-container\">\n\t\t\t\t\t\t\t\t\t<div class=\"elementor-button-wrapper\">\n\t\t\t\t\t<a class=\"elementor-button elementor-button-link elementor-size-sm\" href=\"https:\/\/archivportal.hu\/index.php\/interjuk-a-leveltarugyrol\/\">\n\t\t\t\t\t\t<span class=\"elementor-button-content-wrapper\">\n\t\t\t\t\t\t\t\t\t<span class=\"elementor-button-text\">Interj\u00fak a lev\u00e9lt\u00e1r\u00fcgyr\u0151l<\/span>\n\t\t\t\t\t<\/span>\n\t\t\t\t\t<\/a>\n\t\t\t\t<\/div>\n\t\t\t\t\t\t\t\t<\/div>\n\t\t\t\t<\/div>\n\t\t\t\t<div class=\"elementor-element elementor-element-8f716f2 elementor-align-justify elementor-widget elementor-widget-button\" data-id=\"8f716f2\" data-element_type=\"widget\" data-e-type=\"widget\" data-widget_type=\"button.default\">\n\t\t\t\t<div class=\"elementor-widget-container\">\n\t\t\t\t\t\t\t\t\t<div class=\"elementor-button-wrapper\">\n\t\t\t\t\t<a class=\"elementor-button elementor-button-link elementor-size-sm\" href=\"https:\/\/archivportal.hu\/index.php\/rezumek\/\">\n\t\t\t\t\t\t<span class=\"elementor-button-content-wrapper\">\n\t\t\t\t\t\t\t\t\t<span class=\"elementor-button-text\">Rez\u00fcm\u00e9k<\/span>\n\t\t\t\t\t<\/span>\n\t\t\t\t\t<\/a>\n\t\t\t\t<\/div>\n\t\t\t\t\t\t\t\t<\/div>\n\t\t\t\t<\/div>\n\t\t\t\t\t<\/div>\n\t\t<\/div>\n\t\t\t\t<div class=\"elementor-column elementor-col-50 elementor-top-column elementor-element elementor-element-4606e8e\" data-id=\"4606e8e\" data-element_type=\"column\" data-e-type=\"column\" data-settings=\"{&quot;background_background&quot;:&quot;gradient&quot;}\">\n\t\t\t<div class=\"elementor-widget-wrap elementor-element-populated\">\n\t\t\t\t\t<div class=\"elementor-background-overlay\"><\/div>\n\t\t\t\t\t\t<div class=\"elementor-element elementor-element-6b1e618 elementor-widget elementor-widget-heading\" data-id=\"6b1e618\" data-element_type=\"widget\" data-e-type=\"widget\" data-widget_type=\"heading.default\">\n\t\t\t\t<div class=\"elementor-widget-container\">\n\t\t\t\t\t<h2 class=\"elementor-heading-title elementor-size-default\">A Lev\u00e9lt\u00e1ri Szemle szerkeszt\u0151s\u00e9ge:\n\n<\/h2>\t\t\t\t<\/div>\n\t\t\t\t<\/div>\n\t\t\t\t<div class=\"elementor-element elementor-element-9fee7b6 elementor-widget elementor-widget-text-editor\" data-id=\"9fee7b6\" data-element_type=\"widget\" data-e-type=\"widget\" data-widget_type=\"text-editor.default\">\n\t\t\t\t<div class=\"elementor-widget-container\">\n\t\t\t\t\t\t\t\t\t<p><strong>F\u0151szerkeszt\u0151:<\/strong><\/p><ul><li>Kov\u00e1cs Eleon\u00f3ra (MNL)<\/li><\/ul><p><strong><br \/>Felel\u0151s szerkeszt\u0151:<\/strong><\/p><ul><li>Sz\u00e1lkai Tam\u00e1s (MNL Hajd\u00fa-Bihar V\u00e1rmegyei Lev\u00e9lt\u00e1ra)<\/li><\/ul><p><strong><br \/>Szerkeszt\u0151k:<\/strong><\/p><ul><li>N\u00e9meth \u00c1gnes (Budapest F\u0151v\u00e1ros Lev\u00e9lt\u00e1ra)<\/li><li>Sasfi Csaba (MNL Szakmai Koordin\u00e1ci\u00f3s Igazgat\u00f3s\u00e1g)<\/li><li>Vil\u00e1gi D\u00e1vid (R\u00e1th M\u00e1ty\u00e1s Evang\u00e9likus Gy\u0171jtem\u00e9ny Lev\u00e9lt\u00e1ra)<\/li><\/ul><p><strong> <br \/>Olvas\u00f3szerkeszt\u0151:<\/strong><\/p><ul><li>Kiss Norbert P\u00e9ter (MNL Somogy V\u00e1rmegyei Lev\u00e9lt\u00e1ra)<\/li><\/ul><p><strong><br \/>M\u0171szaki szerkeszt\u0151:<\/strong><\/p><ul><li>G\u00e1ty Istv\u00e1n (MNL Veszpr\u00e9m V\u00e1rmegyei Lev\u00e9lt\u00e1ra)<\/li><\/ul>\t\t\t\t\t\t\t\t<\/div>\n\t\t\t\t<\/div>\n\t\t\t\t<div class=\"elementor-element elementor-element-4e23c43 elementor-widget elementor-widget-heading\" data-id=\"4e23c43\" data-element_type=\"widget\" data-e-type=\"widget\" data-widget_type=\"heading.default\">\n\t\t\t\t<div class=\"elementor-widget-container\">\n\t\t\t\t\t<h4 class=\"elementor-heading-title elementor-size-default\">A szerkeszt\u0151s\u00e9g c\u00edme:\n<\/h4>\t\t\t\t<\/div>\n\t\t\t\t<\/div>\n\t\t\t\t<div class=\"elementor-element elementor-element-0e9b1d7 elementor-widget elementor-widget-text-editor\" data-id=\"0e9b1d7\" data-element_type=\"widget\" data-e-type=\"widget\" data-widget_type=\"text-editor.default\">\n\t\t\t\t<div class=\"elementor-widget-container\">\n\t\t\t\t\t\t\t\t\t<p>1014 Budapest, B\u00e9csi kapu t\u00e9r 2\u20134.<br><a href=\"mailto:levszemle@gmail.com\">levszemle@gmail.com<\/a><\/p>\t\t\t\t\t\t\t\t<\/div>\n\t\t\t\t<\/div>\n\t\t\t\t\t<\/div>\n\t\t<\/div>\n\t\t\t\t\t<\/div>\n\t\t<\/section>\n\t\t\t\t<\/div>\n\t\t","protected":false},"excerpt":{"rendered":"<p>Lev\u00e9lt\u00e1ri Szemle Lev\u00e9lt\u00e1ri Szemle a Hungaricana oldal\u00e1n \u00datmutat\u00f3 szerz\u0151k sz\u00e1m\u00e1ra \u00datmutat\u00f3 interj\u00fak\u00e9sz\u00edt\u00e9shez Interj\u00fak a lev\u00e9lt\u00e1r\u00fcgyr\u0151l Rez\u00fcm\u00e9k A Lev\u00e9lt\u00e1ri Szemle szerkeszt\u0151s\u00e9ge: F\u0151szerkeszt\u0151: Kov\u00e1cs Eleon\u00f3ra (MNL) Felel\u0151s szerkeszt\u0151: Sz\u00e1lkai Tam\u00e1s (MNL Hajd\u00fa-Bihar V\u00e1rmegyei Lev\u00e9lt\u00e1ra) Szerkeszt\u0151k: N\u00e9meth \u00c1gnes (Budapest F\u0151v\u00e1ros Lev\u00e9lt\u00e1ra) Sasfi Csaba (MNL Szakmai Koordin\u00e1ci\u00f3s Igazgat\u00f3s\u00e1g) Vil\u00e1gi D\u00e1vid (R\u00e1th M\u00e1ty\u00e1s Evang\u00e9likus Gy\u0171jtem\u00e9ny Lev\u00e9lt\u00e1ra) Olvas\u00f3szerkeszt\u0151: Kiss Norbert P\u00e9ter [&hellip;]<\/p>\n","protected":false},"author":1,"featured_media":0,"parent":3678,"menu_order":0,"comment_status":"closed","ping_status":"closed","template":"","meta":{"_acf_changed":false,"footnotes":"","_links_to":"","_links_to_target":""},"class_list":["post-3805","page","type-page","status-publish","hentry"],"acf":[],"yoast_head":"<!-- This site is optimized with the Yoast SEO plugin v27.3 - https:\/\/yoast.com\/product\/yoast-seo-wordpress\/ -->\n<title>LEV\u00c9LT\u00c1RI SZEMLE - Magyar Lev\u00e9lt\u00e1ri Port\u00e1l<\/title>\n<meta name=\"robots\" content=\"index, follow, max-snippet:-1, max-image-preview:large, max-video-preview:-1\" \/>\n<meta property=\"og:locale\" content=\"en_US\" \/>\n<meta property=\"og:type\" content=\"article\" \/>\n<meta property=\"og:title\" content=\"LEV\u00c9LT\u00c1RI SZEMLE - Magyar Lev\u00e9lt\u00e1ri Port\u00e1l\" \/>\n<meta property=\"og:description\" content=\"Lev\u00e9lt\u00e1ri Szemle Lev\u00e9lt\u00e1ri Szemle a Hungaricana oldal\u00e1n \u00datmutat\u00f3 szerz\u0151k sz\u00e1m\u00e1ra \u00datmutat\u00f3 interj\u00fak\u00e9sz\u00edt\u00e9shez Interj\u00fak a lev\u00e9lt\u00e1r\u00fcgyr\u0151l Rez\u00fcm\u00e9k A Lev\u00e9lt\u00e1ri Szemle szerkeszt\u0151s\u00e9ge: F\u0151szerkeszt\u0151: Kov\u00e1cs Eleon\u00f3ra (MNL) Felel\u0151s szerkeszt\u0151: Sz\u00e1lkai Tam\u00e1s (MNL Hajd\u00fa-Bihar V\u00e1rmegyei Lev\u00e9lt\u00e1ra) Szerkeszt\u0151k: N\u00e9meth \u00c1gnes (Budapest F\u0151v\u00e1ros Lev\u00e9lt\u00e1ra) Sasfi Csaba (MNL Szakmai Koordin\u00e1ci\u00f3s Igazgat\u00f3s\u00e1g) Vil\u00e1gi D\u00e1vid (R\u00e1th M\u00e1ty\u00e1s Evang\u00e9likus Gy\u0171jtem\u00e9ny Lev\u00e9lt\u00e1ra) Olvas\u00f3szerkeszt\u0151: Kiss Norbert P\u00e9ter [&hellip;]\" \/>\n<meta property=\"og:url\" content=\"https:\/\/archivportal.hu\/index.php\/egyesulet\/leveltari-szemle\/\" \/>\n<meta property=\"og:site_name\" content=\"Magyar Lev\u00e9lt\u00e1ri Port\u00e1l\" \/>\n<meta property=\"article:publisher\" content=\"https:\/\/www.facebook.com\/magyarleveltarosok.egyesulete\" \/>\n<meta property=\"article:modified_time\" content=\"2026-01-12T13:29:09+00:00\" \/>\n<meta property=\"og:image\" content=\"https:\/\/archivportal.hu\/wp-content\/uploads\/2025\/05\/75_1-scaled.jpg\" \/>\n\t<meta property=\"og:image:width\" content=\"1813\" \/>\n\t<meta property=\"og:image:height\" content=\"2560\" \/>\n\t<meta property=\"og:image:type\" content=\"image\/jpeg\" \/>\n<meta name=\"twitter:card\" content=\"summary_large_image\" \/>\n<meta name=\"twitter:label1\" content=\"Est. reading time\" \/>\n\t<meta name=\"twitter:data1\" content=\"1 minute\" \/>\n<script type=\"application\/ld+json\" class=\"yoast-schema-graph\">{\"@context\":\"https:\\\/\\\/schema.org\",\"@graph\":[{\"@type\":\"WebPage\",\"@id\":\"https:\\\/\\\/archivportal.hu\\\/index.php\\\/egyesulet\\\/leveltari-szemle\\\/\",\"url\":\"https:\\\/\\\/archivportal.hu\\\/index.php\\\/egyesulet\\\/leveltari-szemle\\\/\",\"name\":\"LEV\u00c9LT\u00c1RI SZEMLE - Magyar Lev\u00e9lt\u00e1ri Port\u00e1l\",\"isPartOf\":{\"@id\":\"https:\\\/\\\/archivportal.hu\\\/#website\"},\"primaryImageOfPage\":{\"@id\":\"https:\\\/\\\/archivportal.hu\\\/index.php\\\/egyesulet\\\/leveltari-szemle\\\/#primaryimage\"},\"image\":{\"@id\":\"https:\\\/\\\/archivportal.hu\\\/index.php\\\/egyesulet\\\/leveltari-szemle\\\/#primaryimage\"},\"thumbnailUrl\":\"https:\\\/\\\/archivportal.hu\\\/wp-content\\\/uploads\\\/2025\\\/05\\\/75_1-725x1024.jpg\",\"datePublished\":\"2022-07-01T18:29:34+00:00\",\"dateModified\":\"2026-01-12T13:29:09+00:00\",\"breadcrumb\":{\"@id\":\"https:\\\/\\\/archivportal.hu\\\/index.php\\\/egyesulet\\\/leveltari-szemle\\\/#breadcrumb\"},\"inLanguage\":\"en-US\",\"potentialAction\":[{\"@type\":\"ReadAction\",\"target\":[\"https:\\\/\\\/archivportal.hu\\\/index.php\\\/egyesulet\\\/leveltari-szemle\\\/\"]}]},{\"@type\":\"ImageObject\",\"inLanguage\":\"en-US\",\"@id\":\"https:\\\/\\\/archivportal.hu\\\/index.php\\\/egyesulet\\\/leveltari-szemle\\\/#primaryimage\",\"url\":\"https:\\\/\\\/archivportal.hu\\\/wp-content\\\/uploads\\\/2025\\\/05\\\/75_1-scaled.jpg\",\"contentUrl\":\"https:\\\/\\\/archivportal.hu\\\/wp-content\\\/uploads\\\/2025\\\/05\\\/75_1-scaled.jpg\",\"width\":1813,\"height\":2560},{\"@type\":\"BreadcrumbList\",\"@id\":\"https:\\\/\\\/archivportal.hu\\\/index.php\\\/egyesulet\\\/leveltari-szemle\\\/#breadcrumb\",\"itemListElement\":[{\"@type\":\"ListItem\",\"position\":1,\"name\":\"Home\",\"item\":\"https:\\\/\\\/archivportal.hu\\\/\"},{\"@type\":\"ListItem\",\"position\":2,\"name\":\"EGYES\u00dcLET\",\"item\":\"https:\\\/\\\/archivportal.hu\\\/index.php\\\/egyesulet\\\/\"},{\"@type\":\"ListItem\",\"position\":3,\"name\":\"LEV\u00c9LT\u00c1RI SZEMLE\"}]},{\"@type\":\"WebSite\",\"@id\":\"https:\\\/\\\/archivportal.hu\\\/#website\",\"url\":\"https:\\\/\\\/archivportal.hu\\\/\",\"name\":\"Magyar Lev\u00e9lt\u00e1ri Port\u00e1l\",\"description\":\"Az online foly\u00f3irat\",\"publisher\":{\"@id\":\"https:\\\/\\\/archivportal.hu\\\/#organization\"},\"potentialAction\":[{\"@type\":\"SearchAction\",\"target\":{\"@type\":\"EntryPoint\",\"urlTemplate\":\"https:\\\/\\\/archivportal.hu\\\/?s={search_term_string}\"},\"query-input\":{\"@type\":\"PropertyValueSpecification\",\"valueRequired\":true,\"valueName\":\"search_term_string\"}}],\"inLanguage\":\"en-US\"},{\"@type\":\"Organization\",\"@id\":\"https:\\\/\\\/archivportal.hu\\\/#organization\",\"name\":\"Magyar Lev\u00e9lt\u00e1ri Port\u00e1l\",\"url\":\"https:\\\/\\\/archivportal.hu\\\/\",\"logo\":{\"@type\":\"ImageObject\",\"inLanguage\":\"en-US\",\"@id\":\"https:\\\/\\\/archivportal.hu\\\/#\\\/schema\\\/logo\\\/image\\\/\",\"url\":\"https:\\\/\\\/archivportal.hu\\\/wp-content\\\/uploads\\\/2022\\\/06\\\/MLP_logo_HU.png\",\"contentUrl\":\"https:\\\/\\\/archivportal.hu\\\/wp-content\\\/uploads\\\/2022\\\/06\\\/MLP_logo_HU.png\",\"width\":1252,\"height\":144,\"caption\":\"Magyar Lev\u00e9lt\u00e1ri Port\u00e1l\"},\"image\":{\"@id\":\"https:\\\/\\\/archivportal.hu\\\/#\\\/schema\\\/logo\\\/image\\\/\"},\"sameAs\":[\"https:\\\/\\\/www.facebook.com\\\/magyarleveltarosok.egyesulete\"]}]}<\/script>\n<!-- \/ Yoast SEO plugin. -->","yoast_head_json":{"title":"LEV\u00c9LT\u00c1RI SZEMLE - Magyar Lev\u00e9lt\u00e1ri Port\u00e1l","robots":{"index":"index","follow":"follow","max-snippet":"max-snippet:-1","max-image-preview":"max-image-preview:large","max-video-preview":"max-video-preview:-1"},"og_locale":"en_US","og_type":"article","og_title":"LEV\u00c9LT\u00c1RI SZEMLE - Magyar Lev\u00e9lt\u00e1ri Port\u00e1l","og_description":"Lev\u00e9lt\u00e1ri Szemle Lev\u00e9lt\u00e1ri Szemle a Hungaricana oldal\u00e1n \u00datmutat\u00f3 szerz\u0151k sz\u00e1m\u00e1ra \u00datmutat\u00f3 interj\u00fak\u00e9sz\u00edt\u00e9shez Interj\u00fak a lev\u00e9lt\u00e1r\u00fcgyr\u0151l Rez\u00fcm\u00e9k A Lev\u00e9lt\u00e1ri Szemle szerkeszt\u0151s\u00e9ge: F\u0151szerkeszt\u0151: Kov\u00e1cs Eleon\u00f3ra (MNL) Felel\u0151s szerkeszt\u0151: Sz\u00e1lkai Tam\u00e1s (MNL Hajd\u00fa-Bihar V\u00e1rmegyei Lev\u00e9lt\u00e1ra) Szerkeszt\u0151k: N\u00e9meth \u00c1gnes (Budapest F\u0151v\u00e1ros Lev\u00e9lt\u00e1ra) Sasfi Csaba (MNL Szakmai Koordin\u00e1ci\u00f3s Igazgat\u00f3s\u00e1g) Vil\u00e1gi D\u00e1vid (R\u00e1th M\u00e1ty\u00e1s Evang\u00e9likus Gy\u0171jtem\u00e9ny Lev\u00e9lt\u00e1ra) Olvas\u00f3szerkeszt\u0151: Kiss Norbert P\u00e9ter [&hellip;]","og_url":"https:\/\/archivportal.hu\/index.php\/egyesulet\/leveltari-szemle\/","og_site_name":"Magyar Lev\u00e9lt\u00e1ri Port\u00e1l","article_publisher":"https:\/\/www.facebook.com\/magyarleveltarosok.egyesulete","article_modified_time":"2026-01-12T13:29:09+00:00","og_image":[{"width":1813,"height":2560,"url":"https:\/\/archivportal.hu\/wp-content\/uploads\/2025\/05\/75_1-scaled.jpg","type":"image\/jpeg"}],"twitter_card":"summary_large_image","twitter_misc":{"Est. reading time":"1 minute"},"schema":{"@context":"https:\/\/schema.org","@graph":[{"@type":"WebPage","@id":"https:\/\/archivportal.hu\/index.php\/egyesulet\/leveltari-szemle\/","url":"https:\/\/archivportal.hu\/index.php\/egyesulet\/leveltari-szemle\/","name":"LEV\u00c9LT\u00c1RI SZEMLE - Magyar Lev\u00e9lt\u00e1ri Port\u00e1l","isPartOf":{"@id":"https:\/\/archivportal.hu\/#website"},"primaryImageOfPage":{"@id":"https:\/\/archivportal.hu\/index.php\/egyesulet\/leveltari-szemle\/#primaryimage"},"image":{"@id":"https:\/\/archivportal.hu\/index.php\/egyesulet\/leveltari-szemle\/#primaryimage"},"thumbnailUrl":"https:\/\/archivportal.hu\/wp-content\/uploads\/2025\/05\/75_1-725x1024.jpg","datePublished":"2022-07-01T18:29:34+00:00","dateModified":"2026-01-12T13:29:09+00:00","breadcrumb":{"@id":"https:\/\/archivportal.hu\/index.php\/egyesulet\/leveltari-szemle\/#breadcrumb"},"inLanguage":"en-US","potentialAction":[{"@type":"ReadAction","target":["https:\/\/archivportal.hu\/index.php\/egyesulet\/leveltari-szemle\/"]}]},{"@type":"ImageObject","inLanguage":"en-US","@id":"https:\/\/archivportal.hu\/index.php\/egyesulet\/leveltari-szemle\/#primaryimage","url":"https:\/\/archivportal.hu\/wp-content\/uploads\/2025\/05\/75_1-scaled.jpg","contentUrl":"https:\/\/archivportal.hu\/wp-content\/uploads\/2025\/05\/75_1-scaled.jpg","width":1813,"height":2560},{"@type":"BreadcrumbList","@id":"https:\/\/archivportal.hu\/index.php\/egyesulet\/leveltari-szemle\/#breadcrumb","itemListElement":[{"@type":"ListItem","position":1,"name":"Home","item":"https:\/\/archivportal.hu\/"},{"@type":"ListItem","position":2,"name":"EGYES\u00dcLET","item":"https:\/\/archivportal.hu\/index.php\/egyesulet\/"},{"@type":"ListItem","position":3,"name":"LEV\u00c9LT\u00c1RI SZEMLE"}]},{"@type":"WebSite","@id":"https:\/\/archivportal.hu\/#website","url":"https:\/\/archivportal.hu\/","name":"Magyar Lev\u00e9lt\u00e1ri Port\u00e1l","description":"Az online foly\u00f3irat","publisher":{"@id":"https:\/\/archivportal.hu\/#organization"},"potentialAction":[{"@type":"SearchAction","target":{"@type":"EntryPoint","urlTemplate":"https:\/\/archivportal.hu\/?s={search_term_string}"},"query-input":{"@type":"PropertyValueSpecification","valueRequired":true,"valueName":"search_term_string"}}],"inLanguage":"en-US"},{"@type":"Organization","@id":"https:\/\/archivportal.hu\/#organization","name":"Magyar Lev\u00e9lt\u00e1ri Port\u00e1l","url":"https:\/\/archivportal.hu\/","logo":{"@type":"ImageObject","inLanguage":"en-US","@id":"https:\/\/archivportal.hu\/#\/schema\/logo\/image\/","url":"https:\/\/archivportal.hu\/wp-content\/uploads\/2022\/06\/MLP_logo_HU.png","contentUrl":"https:\/\/archivportal.hu\/wp-content\/uploads\/2022\/06\/MLP_logo_HU.png","width":1252,"height":144,"caption":"Magyar Lev\u00e9lt\u00e1ri Port\u00e1l"},"image":{"@id":"https:\/\/archivportal.hu\/#\/schema\/logo\/image\/"},"sameAs":["https:\/\/www.facebook.com\/magyarleveltarosok.egyesulete"]}]}},"_links":{"self":[{"href":"https:\/\/archivportal.hu\/index.php\/wp-json\/wp\/v2\/pages\/3805","targetHints":{"allow":["GET"]}}],"collection":[{"href":"https:\/\/archivportal.hu\/index.php\/wp-json\/wp\/v2\/pages"}],"about":[{"href":"https:\/\/archivportal.hu\/index.php\/wp-json\/wp\/v2\/types\/page"}],"author":[{"embeddable":true,"href":"https:\/\/archivportal.hu\/index.php\/wp-json\/wp\/v2\/users\/1"}],"replies":[{"embeddable":true,"href":"https:\/\/archivportal.hu\/index.php\/wp-json\/wp\/v2\/comments?post=3805"}],"version-history":[{"count":37,"href":"https:\/\/archivportal.hu\/index.php\/wp-json\/wp\/v2\/pages\/3805\/revisions"}],"predecessor-version":[{"id":7900,"href":"https:\/\/archivportal.hu\/index.php\/wp-json\/wp\/v2\/pages\/3805\/revisions\/7900"}],"up":[{"embeddable":true,"href":"https:\/\/archivportal.hu\/index.php\/wp-json\/wp\/v2\/pages\/3678"}],"wp:attachment":[{"href":"https:\/\/archivportal.hu\/index.php\/wp-json\/wp\/v2\/media?parent=3805"}],"curies":[{"name":"wp","href":"https:\/\/api.w.org\/{rel}","templated":true}]}}