{"id":4311,"date":"2022-06-13T05:24:09","date_gmt":"2022-06-13T05:24:09","guid":{"rendered":"http:\/\/t1.archivportal.hu\/?page_id=4311"},"modified":"2022-07-11T13:57:34","modified_gmt":"2022-07-11T13:57:34","slug":"startseite","status":"publish","type":"page","link":"https:\/\/archivportal.hu\/index.php\/de\/startseite\/","title":{"rendered":"Startseite"},"content":{"rendered":"\t\t<div data-elementor-type=\"wp-page\" data-elementor-id=\"4311\" class=\"elementor elementor-4311\" data-elementor-post-type=\"page\">\n\t\t\t\t\t\t<section class=\"elementor-section elementor-top-section elementor-element elementor-element-1af2d33 elementor-section-boxed elementor-section-height-default elementor-section-height-default\" data-id=\"1af2d33\" data-element_type=\"section\" data-e-type=\"section\" data-settings=\"{&quot;background_background&quot;:&quot;gradient&quot;}\">\n\t\t\t\t\t\t\t<div class=\"elementor-background-overlay\"><\/div>\n\t\t\t\t\t\t\t<div class=\"elementor-container elementor-column-gap-default\">\n\t\t\t\t\t<div class=\"elementor-column elementor-col-100 elementor-top-column elementor-element elementor-element-7ce840d\" data-id=\"7ce840d\" data-element_type=\"column\" data-e-type=\"column\">\n\t\t\t<div class=\"elementor-widget-wrap elementor-element-populated\">\n\t\t\t\t\t\t<div class=\"elementor-element elementor-element-08d0308 elementor-widget elementor-widget-heading\" data-id=\"08d0308\" data-element_type=\"widget\" data-e-type=\"widget\" data-widget_type=\"heading.default\">\n\t\t\t\t<div class=\"elementor-widget-container\">\n\t\t\t\t\t<h1 class=\"elementor-heading-title elementor-size-default\">Wir begr\u00fc\u00dfen Sie im Ungarischen Archivportal!<\/h1>\t\t\t\t<\/div>\n\t\t\t\t<\/div>\n\t\t\t\t\t<\/div>\n\t\t<\/div>\n\t\t\t\t\t<\/div>\n\t\t<\/section>\n\t\t\t\t<section class=\"elementor-section elementor-top-section elementor-element elementor-element-8f19dbc elementor-section-full_width elementor-section-height-min-height elementor-section-height-default elementor-section-items-middle\" data-id=\"8f19dbc\" data-element_type=\"section\" data-e-type=\"section\" data-settings=\"{&quot;background_background&quot;:&quot;classic&quot;}\">\n\t\t\t\t\t\t<div class=\"elementor-container elementor-column-gap-default\">\n\t\t\t\t\t<div class=\"elementor-column elementor-col-100 elementor-top-column elementor-element elementor-element-a8088a5\" data-id=\"a8088a5\" data-element_type=\"column\" data-e-type=\"column\">\n\t\t\t<div class=\"elementor-widget-wrap\">\n\t\t\t\t\t\t\t<\/div>\n\t\t<\/div>\n\t\t\t\t\t<\/div>\n\t\t<\/section>\n\t\t\t\t<section class=\"elementor-section elementor-top-section elementor-element elementor-element-ef5250d elementor-section-boxed elementor-section-height-default elementor-section-height-default\" data-id=\"ef5250d\" data-element_type=\"section\" data-e-type=\"section\" data-settings=\"{&quot;background_background&quot;:&quot;classic&quot;}\">\n\t\t\t\t\t\t<div class=\"elementor-container elementor-column-gap-default\">\n\t\t\t\t\t<div class=\"elementor-column elementor-col-100 elementor-top-column elementor-element elementor-element-ed17dc7\" data-id=\"ed17dc7\" data-element_type=\"column\" data-e-type=\"column\">\n\t\t\t<div class=\"elementor-widget-wrap elementor-element-populated\">\n\t\t\t\t\t\t<div class=\"elementor-element elementor-element-e898beb elementor-widget elementor-widget-text-editor\" data-id=\"e898beb\" data-element_type=\"widget\" data-e-type=\"widget\" data-widget_type=\"text-editor.default\">\n\t\t\t\t<div class=\"elementor-widget-container\">\n\t\t\t\t\t\t\t\t\t<p>Das Ungarische Archivportal kam urspr\u00fcnglich auf Initiative der Archive der Selbstverwaltungen zu Stande, sp\u00e4ter aber schloss sich neben anderen Institutionen auch das Ungarische Staatsarchiv der Initiative an. Die mitwirkenden Institutionen hielten es f\u00fcr notwendig, dem sich f\u00fcr die T\u00e4tigkeiten der Archive interessierten Publikum eine solche Dienstleistung anbieten zu k\u00f6nnen, die sowohl die\u00a0Informationseinholung\u00a0als auch die Forschungst\u00e4tigkeit erleichtern w\u00fcrde. Das Portal erm\u00f6glicht den Forschern, sich mithilfe einer Website \u00fcber das Schriftgut der\u00a0 teilnehmenden bzw. anschlie\u00dfenden ungarischen Archive zu informieren. Im Interesse einer Steigerung der Effektivit\u00e4t haben wir eine einheitliche Datenbasis geschaffen, deren Inhalt kontinuierlich erweitert wird. Mithilfe dieser einheitlichen Datenbasis k\u00f6nnen sich interessierte Forscher \u00fcber die Gesamtheit der in den angeschlossenen Archiven aufbewahrten Schriftst\u00fccke informieren.<\/p><p align=\"JUSTIFY\">Das Portal unterst\u00fctzt\u00a0die Digitalisierung der das ganze Land abdeckenden Dokumentenserien, den Aufbau der auf identischen Prinzipien und identischer Praxis beruhenden Datenbasen der Schriftensammlungen dadurch, dass es deren Inhalt aufnimmt, auf seiner Oberfl\u00e4che einen Online-Zugang gew\u00e4hrleistet und eine Parallelsuche innerhalb der unterschiedlichsten Quellentypen erm\u00f6glicht. Mithilfe einer neuen Technologie gew\u00e4hrleistet es die direkte Erreichbarkeit des digitalisierten Materials von gro\u00dfformatigen Landkarten und Pl\u00e4nen, was auch gleichzeitig eine L\u00f6sung f\u00fcr das Problem der Forschung \u00fcbers Internet darstellt.<\/p><p align=\"JUSTIFY\">Auch die gesamte Bibliografie der sich auf dem Portal befindlichen Archivpublikationen aus einem Zeitraum von 50 Jahren und dar\u00fcber hinaus der Gesamttext einer bedeutenden Menge von Publikationen k\u00f6nnen auf unseren Seiten eingesehen werden bzw. sind mithilfe unsreres gemeinsamen\u00a0Browsers zug\u00e4nglich.<\/p><p align=\"JUSTIFY\">Die Rechtsvorschriften, Anordnungen bzw. Arbeitsanweisungen, die die Arbeit der Archive regulieren, und auch der Archivkorpus &#8211; eine vollst\u00e4ndige ungarischsprachige Sammlung von Arbeitsanweisungen der zur\u00fcckliegenden zehn Jahre &#8211; sind auf unseren Seiten zu erreichen.<\/p><p align=\"JUSTIFY\">Die Erweiterung des Inhalts des Portals wird im Rahmen einer gemeinsamen Arbeit der Archive kontinuierlich fortgesetzt und stellt auch schon in der Anfangsphase\u00a0eine reiche Quelle f\u00fcr Interessierte dar, aber dies ist, wie wir hoffen, nur der Anfang und bei entsprechender Unterst\u00fctzung wird es einen immer gr\u00f6\u00dferen Einblick in das Material der ungarischen Archive gew\u00e4hrleisten.<\/p><p align=\"JUSTIFY\">Die Einrichtung des ungarischen Archivportals wurde vom Ministerium f\u00fcr Kultur und Bildung aus dem Budget des Jahres der Renaissance 2008 unterst\u00fctzt. Das Portal enth\u00e4lt zurzeit die Informationen im Zusammenhang mit den Archiven der Selbstverwaltung und in kleinerem Ausma\u00df diejenigen in Verbindung mit dem Ungarischen Staatsarchiv, aber die Redaktion h\u00e4lt eine zuk\u00fcnftige Integration der \u00f6ffentlichen zug\u00e4nglichen Privatarchive, Facharchive und der Archive der Institutionen der H\u00f6heren Bildung in den Kreis der mitwirkenden Institutionen f\u00fcr w\u00fcnschenswert.<\/p>\t\t\t\t\t\t\t\t<\/div>\n\t\t\t\t<\/div>\n\t\t\t\t<div class=\"elementor-element elementor-element-b559e26 elementor-widget elementor-widget-spacer\" data-id=\"b559e26\" data-element_type=\"widget\" data-e-type=\"widget\" data-widget_type=\"spacer.default\">\n\t\t\t\t<div class=\"elementor-widget-container\">\n\t\t\t\t\t\t\t<div class=\"elementor-spacer\">\n\t\t\t<div class=\"elementor-spacer-inner\"><\/div>\n\t\t<\/div>\n\t\t\t\t\t\t<\/div>\n\t\t\t\t<\/div>\n\t\t\t\t<section class=\"elementor-section elementor-inner-section elementor-element elementor-element-a63dd80 elementor-section-boxed elementor-section-height-default elementor-section-height-default\" data-id=\"a63dd80\" data-element_type=\"section\" data-e-type=\"section\">\n\t\t\t\t\t\t<div class=\"elementor-container elementor-column-gap-default\">\n\t\t\t\t\t<div class=\"elementor-column elementor-col-33 elementor-inner-column elementor-element elementor-element-7766eb8\" data-id=\"7766eb8\" data-element_type=\"column\" data-e-type=\"column\">\n\t\t\t<div class=\"elementor-widget-wrap elementor-element-populated\">\n\t\t\t\t\t\t<div class=\"elementor-element elementor-element-83ce9a3 elementor-align-justify elementor-widget elementor-widget-button\" data-id=\"83ce9a3\" data-element_type=\"widget\" data-e-type=\"widget\" data-widget_type=\"button.default\">\n\t\t\t\t<div class=\"elementor-widget-container\">\n\t\t\t\t\t\t\t\t\t<div class=\"elementor-button-wrapper\">\n\t\t\t\t\t<a class=\"elementor-button elementor-button-link elementor-size-sm\" href=\"https:\/\/archivportal.hu\/index.php\/de\/ungarische-archive\/\">\n\t\t\t\t\t\t<span class=\"elementor-button-content-wrapper\">\n\t\t\t\t\t\t\t\t\t<span class=\"elementor-button-text\">Ungarische Archive<\/span>\n\t\t\t\t\t<\/span>\n\t\t\t\t\t<\/a>\n\t\t\t\t<\/div>\n\t\t\t\t\t\t\t\t<\/div>\n\t\t\t\t<\/div>\n\t\t\t\t\t<\/div>\n\t\t<\/div>\n\t\t\t\t<div class=\"elementor-column elementor-col-33 elementor-inner-column elementor-element elementor-element-a3c5eee\" data-id=\"a3c5eee\" data-element_type=\"column\" data-e-type=\"column\">\n\t\t\t<div class=\"elementor-widget-wrap elementor-element-populated\">\n\t\t\t\t\t\t<div class=\"elementor-element elementor-element-5464a36 elementor-align-justify elementor-widget elementor-widget-button\" data-id=\"5464a36\" data-element_type=\"widget\" data-e-type=\"widget\" data-widget_type=\"button.default\">\n\t\t\t\t<div class=\"elementor-widget-container\">\n\t\t\t\t\t\t\t\t\t<div class=\"elementor-button-wrapper\">\n\t\t\t\t\t<a class=\"elementor-button elementor-button-link elementor-size-sm\" href=\"https:\/\/archivportal.hu\/index.php\/de\/datenbanken\/\">\n\t\t\t\t\t\t<span class=\"elementor-button-content-wrapper\">\n\t\t\t\t\t\t\t\t\t<span class=\"elementor-button-text\">Datenbanken<\/span>\n\t\t\t\t\t<\/span>\n\t\t\t\t\t<\/a>\n\t\t\t\t<\/div>\n\t\t\t\t\t\t\t\t<\/div>\n\t\t\t\t<\/div>\n\t\t\t\t\t<\/div>\n\t\t<\/div>\n\t\t\t\t<div class=\"elementor-column elementor-col-33 elementor-inner-column elementor-element elementor-element-77d1d1e\" data-id=\"77d1d1e\" data-element_type=\"column\" data-e-type=\"column\">\n\t\t\t<div class=\"elementor-widget-wrap elementor-element-populated\">\n\t\t\t\t\t\t<div class=\"elementor-element elementor-element-4272782 elementor-align-justify elementor-widget elementor-widget-button\" data-id=\"4272782\" data-element_type=\"widget\" data-e-type=\"widget\" data-widget_type=\"button.default\">\n\t\t\t\t<div class=\"elementor-widget-container\">\n\t\t\t\t\t\t\t\t\t<div class=\"elementor-button-wrapper\">\n\t\t\t\t\t<a class=\"elementor-button elementor-button-link elementor-size-sm\" href=\"https:\/\/archivportal.hu\/index.php\/de\/verband\/\">\n\t\t\t\t\t\t<span class=\"elementor-button-content-wrapper\">\n\t\t\t\t\t\t\t\t\t<span class=\"elementor-button-text\">Verband<\/span>\n\t\t\t\t\t<\/span>\n\t\t\t\t\t<\/a>\n\t\t\t\t<\/div>\n\t\t\t\t\t\t\t\t<\/div>\n\t\t\t\t<\/div>\n\t\t\t\t\t<\/div>\n\t\t<\/div>\n\t\t\t\t\t<\/div>\n\t\t<\/section>\n\t\t\t\t\t<\/div>\n\t\t<\/div>\n\t\t\t\t\t<\/div>\n\t\t<\/section>\n\t\t\t\t<\/div>\n\t\t","protected":false},"excerpt":{"rendered":"<p>Wir begr\u00fc\u00dfen Sie im Ungarischen Archivportal! Das Ungarische Archivportal kam urspr\u00fcnglich auf Initiative der Archive der Selbstverwaltungen zu Stande, sp\u00e4ter aber schloss sich neben anderen Institutionen auch das Ungarische Staatsarchiv der Initiative an. Die mitwirkenden Institutionen hielten es f\u00fcr notwendig, dem sich f\u00fcr die T\u00e4tigkeiten der Archive interessierten Publikum eine solche Dienstleistung anbieten zu k\u00f6nnen, [&hellip;]<\/p>\n","protected":false},"author":1,"featured_media":0,"parent":0,"menu_order":0,"comment_status":"closed","ping_status":"closed","template":"elementor_header_footer","meta":{"_acf_changed":false,"footnotes":"","_links_to":"","_links_to_target":""},"class_list":["post-4311","page","type-page","status-publish","hentry"],"acf":[],"yoast_head":"<!-- This site is optimized with the Yoast SEO plugin v27.3 - https:\/\/yoast.com\/product\/yoast-seo-wordpress\/ -->\n<title>Startseite - Magyar Lev\u00e9lt\u00e1ri Port\u00e1l<\/title>\n<meta name=\"robots\" content=\"index, follow, max-snippet:-1, max-image-preview:large, max-video-preview:-1\" \/>\n<meta property=\"og:locale\" content=\"en_US\" \/>\n<meta property=\"og:type\" content=\"article\" \/>\n<meta property=\"og:title\" content=\"Startseite - Magyar Lev\u00e9lt\u00e1ri Port\u00e1l\" \/>\n<meta property=\"og:description\" content=\"Wir begr\u00fc\u00dfen Sie im Ungarischen Archivportal! Das Ungarische Archivportal kam urspr\u00fcnglich auf Initiative der Archive der Selbstverwaltungen zu Stande, sp\u00e4ter aber schloss sich neben anderen Institutionen auch das Ungarische Staatsarchiv der Initiative an. Die mitwirkenden Institutionen hielten es f\u00fcr notwendig, dem sich f\u00fcr die T\u00e4tigkeiten der Archive interessierten Publikum eine solche Dienstleistung anbieten zu k\u00f6nnen, [&hellip;]\" \/>\n<meta property=\"og:url\" content=\"https:\/\/archivportal.hu\/index.php\/de\/startseite\/\" \/>\n<meta property=\"og:site_name\" content=\"Magyar Lev\u00e9lt\u00e1ri Port\u00e1l\" \/>\n<meta property=\"article:publisher\" content=\"https:\/\/www.facebook.com\/magyarleveltarosok.egyesulete\" \/>\n<meta property=\"article:modified_time\" content=\"2022-07-11T13:57:34+00:00\" \/>\n<meta name=\"twitter:card\" content=\"summary_large_image\" \/>\n<meta name=\"twitter:label1\" content=\"Est. reading time\" \/>\n\t<meta name=\"twitter:data1\" content=\"2 minutes\" \/>\n<script type=\"application\/ld+json\" class=\"yoast-schema-graph\">{\"@context\":\"https:\\\/\\\/schema.org\",\"@graph\":[{\"@type\":\"WebPage\",\"@id\":\"https:\\\/\\\/archivportal.hu\\\/index.php\\\/de\\\/startseite\\\/\",\"url\":\"https:\\\/\\\/archivportal.hu\\\/index.php\\\/de\\\/startseite\\\/\",\"name\":\"Startseite - Magyar Lev\u00e9lt\u00e1ri Port\u00e1l\",\"isPartOf\":{\"@id\":\"https:\\\/\\\/archivportal.hu\\\/#website\"},\"datePublished\":\"2022-06-13T05:24:09+00:00\",\"dateModified\":\"2022-07-11T13:57:34+00:00\",\"breadcrumb\":{\"@id\":\"https:\\\/\\\/archivportal.hu\\\/index.php\\\/de\\\/startseite\\\/#breadcrumb\"},\"inLanguage\":\"en-US\",\"potentialAction\":[{\"@type\":\"ReadAction\",\"target\":[\"https:\\\/\\\/archivportal.hu\\\/index.php\\\/de\\\/startseite\\\/\"]}]},{\"@type\":\"BreadcrumbList\",\"@id\":\"https:\\\/\\\/archivportal.hu\\\/index.php\\\/de\\\/startseite\\\/#breadcrumb\",\"itemListElement\":[{\"@type\":\"ListItem\",\"position\":1,\"name\":\"Home\",\"item\":\"https:\\\/\\\/archivportal.hu\\\/\"},{\"@type\":\"ListItem\",\"position\":2,\"name\":\"Startseite\"}]},{\"@type\":\"WebSite\",\"@id\":\"https:\\\/\\\/archivportal.hu\\\/#website\",\"url\":\"https:\\\/\\\/archivportal.hu\\\/\",\"name\":\"Magyar Lev\u00e9lt\u00e1ri Port\u00e1l\",\"description\":\"Az online foly\u00f3irat\",\"publisher\":{\"@id\":\"https:\\\/\\\/archivportal.hu\\\/#organization\"},\"potentialAction\":[{\"@type\":\"SearchAction\",\"target\":{\"@type\":\"EntryPoint\",\"urlTemplate\":\"https:\\\/\\\/archivportal.hu\\\/?s={search_term_string}\"},\"query-input\":{\"@type\":\"PropertyValueSpecification\",\"valueRequired\":true,\"valueName\":\"search_term_string\"}}],\"inLanguage\":\"en-US\"},{\"@type\":\"Organization\",\"@id\":\"https:\\\/\\\/archivportal.hu\\\/#organization\",\"name\":\"Magyar Lev\u00e9lt\u00e1ri Port\u00e1l\",\"url\":\"https:\\\/\\\/archivportal.hu\\\/\",\"logo\":{\"@type\":\"ImageObject\",\"inLanguage\":\"en-US\",\"@id\":\"https:\\\/\\\/archivportal.hu\\\/#\\\/schema\\\/logo\\\/image\\\/\",\"url\":\"https:\\\/\\\/archivportal.hu\\\/wp-content\\\/uploads\\\/2022\\\/06\\\/MLP_logo_HU.png\",\"contentUrl\":\"https:\\\/\\\/archivportal.hu\\\/wp-content\\\/uploads\\\/2022\\\/06\\\/MLP_logo_HU.png\",\"width\":1252,\"height\":144,\"caption\":\"Magyar Lev\u00e9lt\u00e1ri Port\u00e1l\"},\"image\":{\"@id\":\"https:\\\/\\\/archivportal.hu\\\/#\\\/schema\\\/logo\\\/image\\\/\"},\"sameAs\":[\"https:\\\/\\\/www.facebook.com\\\/magyarleveltarosok.egyesulete\"]}]}<\/script>\n<!-- \/ Yoast SEO plugin. -->","yoast_head_json":{"title":"Startseite - Magyar Lev\u00e9lt\u00e1ri Port\u00e1l","robots":{"index":"index","follow":"follow","max-snippet":"max-snippet:-1","max-image-preview":"max-image-preview:large","max-video-preview":"max-video-preview:-1"},"og_locale":"en_US","og_type":"article","og_title":"Startseite - Magyar Lev\u00e9lt\u00e1ri Port\u00e1l","og_description":"Wir begr\u00fc\u00dfen Sie im Ungarischen Archivportal! Das Ungarische Archivportal kam urspr\u00fcnglich auf Initiative der Archive der Selbstverwaltungen zu Stande, sp\u00e4ter aber schloss sich neben anderen Institutionen auch das Ungarische Staatsarchiv der Initiative an. Die mitwirkenden Institutionen hielten es f\u00fcr notwendig, dem sich f\u00fcr die T\u00e4tigkeiten der Archive interessierten Publikum eine solche Dienstleistung anbieten zu k\u00f6nnen, [&hellip;]","og_url":"https:\/\/archivportal.hu\/index.php\/de\/startseite\/","og_site_name":"Magyar Lev\u00e9lt\u00e1ri Port\u00e1l","article_publisher":"https:\/\/www.facebook.com\/magyarleveltarosok.egyesulete","article_modified_time":"2022-07-11T13:57:34+00:00","twitter_card":"summary_large_image","twitter_misc":{"Est. reading time":"2 minutes"},"schema":{"@context":"https:\/\/schema.org","@graph":[{"@type":"WebPage","@id":"https:\/\/archivportal.hu\/index.php\/de\/startseite\/","url":"https:\/\/archivportal.hu\/index.php\/de\/startseite\/","name":"Startseite - Magyar Lev\u00e9lt\u00e1ri Port\u00e1l","isPartOf":{"@id":"https:\/\/archivportal.hu\/#website"},"datePublished":"2022-06-13T05:24:09+00:00","dateModified":"2022-07-11T13:57:34+00:00","breadcrumb":{"@id":"https:\/\/archivportal.hu\/index.php\/de\/startseite\/#breadcrumb"},"inLanguage":"en-US","potentialAction":[{"@type":"ReadAction","target":["https:\/\/archivportal.hu\/index.php\/de\/startseite\/"]}]},{"@type":"BreadcrumbList","@id":"https:\/\/archivportal.hu\/index.php\/de\/startseite\/#breadcrumb","itemListElement":[{"@type":"ListItem","position":1,"name":"Home","item":"https:\/\/archivportal.hu\/"},{"@type":"ListItem","position":2,"name":"Startseite"}]},{"@type":"WebSite","@id":"https:\/\/archivportal.hu\/#website","url":"https:\/\/archivportal.hu\/","name":"Magyar Lev\u00e9lt\u00e1ri Port\u00e1l","description":"Az online foly\u00f3irat","publisher":{"@id":"https:\/\/archivportal.hu\/#organization"},"potentialAction":[{"@type":"SearchAction","target":{"@type":"EntryPoint","urlTemplate":"https:\/\/archivportal.hu\/?s={search_term_string}"},"query-input":{"@type":"PropertyValueSpecification","valueRequired":true,"valueName":"search_term_string"}}],"inLanguage":"en-US"},{"@type":"Organization","@id":"https:\/\/archivportal.hu\/#organization","name":"Magyar Lev\u00e9lt\u00e1ri Port\u00e1l","url":"https:\/\/archivportal.hu\/","logo":{"@type":"ImageObject","inLanguage":"en-US","@id":"https:\/\/archivportal.hu\/#\/schema\/logo\/image\/","url":"https:\/\/archivportal.hu\/wp-content\/uploads\/2022\/06\/MLP_logo_HU.png","contentUrl":"https:\/\/archivportal.hu\/wp-content\/uploads\/2022\/06\/MLP_logo_HU.png","width":1252,"height":144,"caption":"Magyar Lev\u00e9lt\u00e1ri Port\u00e1l"},"image":{"@id":"https:\/\/archivportal.hu\/#\/schema\/logo\/image\/"},"sameAs":["https:\/\/www.facebook.com\/magyarleveltarosok.egyesulete"]}]}},"_links":{"self":[{"href":"https:\/\/archivportal.hu\/index.php\/wp-json\/wp\/v2\/pages\/4311","targetHints":{"allow":["GET"]}}],"collection":[{"href":"https:\/\/archivportal.hu\/index.php\/wp-json\/wp\/v2\/pages"}],"about":[{"href":"https:\/\/archivportal.hu\/index.php\/wp-json\/wp\/v2\/types\/page"}],"author":[{"embeddable":true,"href":"https:\/\/archivportal.hu\/index.php\/wp-json\/wp\/v2\/users\/1"}],"replies":[{"embeddable":true,"href":"https:\/\/archivportal.hu\/index.php\/wp-json\/wp\/v2\/comments?post=4311"}],"version-history":[{"count":10,"href":"https:\/\/archivportal.hu\/index.php\/wp-json\/wp\/v2\/pages\/4311\/revisions"}],"predecessor-version":[{"id":5240,"href":"https:\/\/archivportal.hu\/index.php\/wp-json\/wp\/v2\/pages\/4311\/revisions\/5240"}],"wp:attachment":[{"href":"https:\/\/archivportal.hu\/index.php\/wp-json\/wp\/v2\/media?parent=4311"}],"curies":[{"name":"wp","href":"https:\/\/api.w.org\/{rel}","templated":true}]}}