{"id":7271,"date":"2025-02-18T10:21:41","date_gmt":"2025-02-18T10:21:41","guid":{"rendered":"https:\/\/archivportal.hu\/?page_id=7271"},"modified":"2026-01-23T14:02:53","modified_gmt":"2026-01-23T14:02:53","slug":"egyesuleti-tagoknak","status":"publish","type":"page","link":"https:\/\/archivportal.hu\/index.php\/egyesuleti-tagoknak\/","title":{"rendered":"Egyes\u00fcleti tagoknak"},"content":{"rendered":"\t\t<div data-elementor-type=\"wp-page\" data-elementor-id=\"7271\" class=\"elementor elementor-7271\" data-elementor-post-type=\"page\">\n\t\t\t\t\t\t<section class=\"elementor-section elementor-top-section elementor-element elementor-element-6ee567b elementor-section-height-min-height elementor-section-boxed elementor-section-height-default elementor-section-items-middle\" data-id=\"6ee567b\" data-element_type=\"section\" data-e-type=\"section\">\n\t\t\t\t\t\t<div class=\"elementor-container elementor-column-gap-default\">\n\t\t\t\t\t<div class=\"elementor-column elementor-col-100 elementor-top-column elementor-element elementor-element-26defb8\" data-id=\"26defb8\" data-element_type=\"column\" data-e-type=\"column\" data-settings=\"{&quot;background_background&quot;:&quot;gradient&quot;}\">\n\t\t\t<div class=\"elementor-widget-wrap elementor-element-populated\">\n\t\t\t\t\t\t<div class=\"elementor-element elementor-element-b6580e1 elementor-widget elementor-widget-heading\" data-id=\"b6580e1\" data-element_type=\"widget\" data-e-type=\"widget\" data-widget_type=\"heading.default\">\n\t\t\t\t<div class=\"elementor-widget-container\">\n\t\t\t\t\t<h2 class=\"elementor-heading-title elementor-size-default\">Egyes\u00fcleti tagoknak<\/h2>\t\t\t\t<\/div>\n\t\t\t\t<\/div>\n\t\t\t\t<div class=\"elementor-element elementor-element-f3f5c4a elementor-widget elementor-widget-image\" data-id=\"f3f5c4a\" data-element_type=\"widget\" data-e-type=\"widget\" data-widget_type=\"image.default\">\n\t\t\t\t<div class=\"elementor-widget-container\">\n\t\t\t\t\t\t\t\t\t\t\t\t\t\t\t<img decoding=\"async\" width=\"800\" height=\"36\" src=\"https:\/\/archivportal.hu\/wp-content\/uploads\/2025\/02\/mle_vandorgyules_2022_2-1024x46.jpg\" class=\"attachment-large size-large wp-image-7278\" alt=\"\" srcset=\"https:\/\/archivportal.hu\/wp-content\/uploads\/2025\/02\/mle_vandorgyules_2022_2-1024x46.jpg 1024w, https:\/\/archivportal.hu\/wp-content\/uploads\/2025\/02\/mle_vandorgyules_2022_2-300x13.jpg 300w, https:\/\/archivportal.hu\/wp-content\/uploads\/2025\/02\/mle_vandorgyules_2022_2-768x34.jpg 768w, https:\/\/archivportal.hu\/wp-content\/uploads\/2025\/02\/mle_vandorgyules_2022_2.jpg 1160w\" sizes=\"(max-width: 800px) 100vw, 800px\" \/>\t\t\t\t\t\t\t\t\t\t\t\t\t\t\t<\/div>\n\t\t\t\t<\/div>\n\t\t\t\t\t<\/div>\n\t\t<\/div>\n\t\t\t\t\t<\/div>\n\t\t<\/section>\n\t\t\t\t<section class=\"elementor-section elementor-top-section elementor-element elementor-element-b9099dd elementor-section-boxed elementor-section-height-default elementor-section-height-default\" data-id=\"b9099dd\" data-element_type=\"section\" data-e-type=\"section\">\n\t\t\t\t\t\t<div class=\"elementor-container elementor-column-gap-default\">\n\t\t\t\t\t<div class=\"elementor-column elementor-col-50 elementor-top-column elementor-element elementor-element-ec082a1\" data-id=\"ec082a1\" data-element_type=\"column\" data-e-type=\"column\" data-settings=\"{&quot;background_background&quot;:&quot;gradient&quot;}\">\n\t\t\t<div class=\"elementor-widget-wrap elementor-element-populated\">\n\t\t\t\t\t\t<div class=\"elementor-element elementor-element-30cb689 elementor-widget elementor-widget-text-editor\" data-id=\"30cb689\" data-element_type=\"widget\" data-e-type=\"widget\" data-widget_type=\"text-editor.default\">\n\t\t\t\t<div class=\"elementor-widget-container\">\n\t\t\t\t\t\t\t\t\t<p>A Magyar Lev\u00e9lt\u00e1rosok Egyes\u00fclete 2024 november\u00e9t\u0151l az Egyes\u00fcletOnline.hu fel\u00fcleten tartja nyilv\u00e1n az egyes\u00fclet tags\u00e1g\u00e1t.<\/p><p>Az Egyes\u00fclet Online fel\u00fclet\u00e9t az al\u00e1bbi gombra kattintva \u00e9rheti el. A bel\u00e9p\u00e9si sz\u00e1nd\u00e9k\u00e1t is ezen a fel\u00fcleten jelezheti.<\/p>\t\t\t\t\t\t\t\t<\/div>\n\t\t\t\t<\/div>\n\t\t\t\t<div class=\"elementor-element elementor-element-fce7949 elementor-align-center elementor-widget elementor-widget-button\" data-id=\"fce7949\" data-element_type=\"widget\" data-e-type=\"widget\" data-widget_type=\"button.default\">\n\t\t\t\t<div class=\"elementor-widget-container\">\n\t\t\t\t\t\t\t\t\t<div class=\"elementor-button-wrapper\">\n\t\t\t\t\t<a class=\"elementor-button elementor-button-link elementor-size-sm elementor-animation-grow\" href=\"https:\/\/egyesuletonline.hu\/regisztracio\/mle\" target=\"_blank\">\n\t\t\t\t\t\t<span class=\"elementor-button-content-wrapper\">\n\t\t\t\t\t\t\t\t\t<span class=\"elementor-button-text\">Regisztr\u00e1ci\u00f3 \u00faj tagok sz\u00e1m\u00e1ra<\/span>\n\t\t\t\t\t<\/span>\n\t\t\t\t\t<\/a>\n\t\t\t\t<\/div>\n\t\t\t\t\t\t\t\t<\/div>\n\t\t\t\t<\/div>\n\t\t\t\t<div class=\"elementor-element elementor-element-0cf072d elementor-align-center elementor-widget elementor-widget-button\" data-id=\"0cf072d\" data-element_type=\"widget\" data-e-type=\"widget\" data-widget_type=\"button.default\">\n\t\t\t\t<div class=\"elementor-widget-container\">\n\t\t\t\t\t\t\t\t\t<div class=\"elementor-button-wrapper\">\n\t\t\t\t\t<a class=\"elementor-button elementor-button-link elementor-size-sm elementor-animation-grow\" href=\"https:\/\/egyesuletonline.hu\/login\/mle\" target=\"_blank\">\n\t\t\t\t\t\t<span class=\"elementor-button-content-wrapper\">\n\t\t\t\t\t\t\t\t\t<span class=\"elementor-button-text\">Bel\u00e9p\u00e9s tagok sz\u00e1m\u00e1ra<\/span>\n\t\t\t\t\t<\/span>\n\t\t\t\t\t<\/a>\n\t\t\t\t<\/div>\n\t\t\t\t\t\t\t\t<\/div>\n\t\t\t\t<\/div>\n\t\t\t\t\t<\/div>\n\t\t<\/div>\n\t\t\t\t<div class=\"elementor-column elementor-col-50 elementor-top-column elementor-element elementor-element-5ae4e07\" data-id=\"5ae4e07\" data-element_type=\"column\" data-e-type=\"column\" data-settings=\"{&quot;background_background&quot;:&quot;gradient&quot;}\">\n\t\t\t<div class=\"elementor-widget-wrap elementor-element-populated\">\n\t\t\t\t\t\t<div class=\"elementor-element elementor-element-4721e3e elementor-widget elementor-widget-heading\" data-id=\"4721e3e\" data-element_type=\"widget\" data-e-type=\"widget\" data-widget_type=\"heading.default\">\n\t\t\t\t<div class=\"elementor-widget-container\">\n\t\t\t\t\t<h2 class=\"elementor-heading-title elementor-size-default\">Seg\u00e9dletek<\/h2>\t\t\t\t<\/div>\n\t\t\t\t<\/div>\n\t\t\t\t<div class=\"elementor-element elementor-element-f537699 elementor-align-justify elementor-widget elementor-widget-button\" data-id=\"f537699\" data-element_type=\"widget\" data-e-type=\"widget\" data-widget_type=\"button.default\">\n\t\t\t\t<div class=\"elementor-widget-container\">\n\t\t\t\t\t\t\t\t\t<div class=\"elementor-button-wrapper\">\n\t\t\t\t\t<a class=\"elementor-button elementor-button-link elementor-size-sm elementor-animation-shrink\" href=\"https:\/\/archivportal.hu\/wp-content\/uploads\/2025\/02\/Uj-MLE-tag-belepes.pdf\" target=\"_blank\">\n\t\t\t\t\t\t<span class=\"elementor-button-content-wrapper\">\n\t\t\t\t\t\t\t\t\t<span class=\"elementor-button-text\">Seg\u00e9dlet \u00faj tag bel\u00e9p\u00e9s\u00e9hez <\/span>\n\t\t\t\t\t<\/span>\n\t\t\t\t\t<\/a>\n\t\t\t\t<\/div>\n\t\t\t\t\t\t\t\t<\/div>\n\t\t\t\t<\/div>\n\t\t\t\t<div class=\"elementor-element elementor-element-e075165 elementor-align-justify elementor-widget elementor-widget-button\" data-id=\"e075165\" data-element_type=\"widget\" data-e-type=\"widget\" data-widget_type=\"button.default\">\n\t\t\t\t<div class=\"elementor-widget-container\">\n\t\t\t\t\t\t\t\t\t<div class=\"elementor-button-wrapper\">\n\t\t\t\t\t<a class=\"elementor-button elementor-button-link elementor-size-sm elementor-animation-shrink\" href=\"https:\/\/archivportal.hu\/wp-content\/uploads\/2025\/02\/Adatkezelesi-Tajekoztato.pdf\" target=\"_blank\">\n\t\t\t\t\t\t<span class=\"elementor-button-content-wrapper\">\n\t\t\t\t\t\t\t\t\t<span class=\"elementor-button-text\">Adatkezel\u00e9si t\u00e1j\u00e9koztat\u00f3<\/span>\n\t\t\t\t\t<\/span>\n\t\t\t\t\t<\/a>\n\t\t\t\t<\/div>\n\t\t\t\t\t\t\t\t<\/div>\n\t\t\t\t<\/div>\n\t\t\t\t<div class=\"elementor-element elementor-element-d49dd42 elementor-align-justify elementor-widget elementor-widget-button\" data-id=\"d49dd42\" data-element_type=\"widget\" data-e-type=\"widget\" data-widget_type=\"button.default\">\n\t\t\t\t<div class=\"elementor-widget-container\">\n\t\t\t\t\t\t\t\t\t<div class=\"elementor-button-wrapper\">\n\t\t\t\t\t<a class=\"elementor-button elementor-button-link elementor-size-sm elementor-animation-shrink\" href=\"https:\/\/archivportal.hu\/wp-content\/uploads\/2026\/01\/MLE_6_1_2026_tagdij_fizetes.pdf\" target=\"_blank\">\n\t\t\t\t\t\t<span class=\"elementor-button-content-wrapper\">\n\t\t\t\t\t\t\t\t\t<span class=\"elementor-button-text\">MLE 2026. \u00e9vi tagd\u00edj t\u00e1j\u00e9koztat\u00f3 <\/span>\n\t\t\t\t\t<\/span>\n\t\t\t\t\t<\/a>\n\t\t\t\t<\/div>\n\t\t\t\t\t\t\t\t<\/div>\n\t\t\t\t<\/div>\n\t\t\t\t<div class=\"elementor-element elementor-element-37aab4d elementor-align-justify elementor-widget elementor-widget-button\" data-id=\"37aab4d\" data-element_type=\"widget\" data-e-type=\"widget\" data-widget_type=\"button.default\">\n\t\t\t\t<div class=\"elementor-widget-container\">\n\t\t\t\t\t\t\t\t\t<div class=\"elementor-button-wrapper\">\n\t\t\t\t\t<a class=\"elementor-button elementor-button-link elementor-size-sm elementor-animation-shrink\" href=\"https:\/\/archivportal.hu\/wp-content\/uploads\/2025\/02\/MLE-tagdij-fizetese_SimplePay-003.pdf\" target=\"_blank\">\n\t\t\t\t\t\t<span class=\"elementor-button-content-wrapper\">\n\t\t\t\t\t\t\t\t\t<span class=\"elementor-button-text\">SimplePay fizet\u00e9si seg\u00e9dlet<\/span>\n\t\t\t\t\t<\/span>\n\t\t\t\t\t<\/a>\n\t\t\t\t<\/div>\n\t\t\t\t\t\t\t\t<\/div>\n\t\t\t\t<\/div>\n\t\t\t\t<div class=\"elementor-element elementor-element-6456c54 elementor-align-justify elementor-widget elementor-widget-button\" data-id=\"6456c54\" data-element_type=\"widget\" data-e-type=\"widget\" data-widget_type=\"button.default\">\n\t\t\t\t<div class=\"elementor-widget-container\">\n\t\t\t\t\t\t\t\t\t<div class=\"elementor-button-wrapper\">\n\t\t\t\t\t<a class=\"elementor-button elementor-button-link elementor-size-sm elementor-animation-shrink\" href=\"https:\/\/archivportal.hu\/wp-content\/uploads\/2025\/03\/MLE_tagsagi_kartya_leirasa_2025.pdf\" target=\"_blank\">\n\t\t\t\t\t\t<span class=\"elementor-button-content-wrapper\">\n\t\t\t\t\t\t\t\t\t<span class=\"elementor-button-text\">A tags\u00e1gi igazolv\u00e1ny le\u00edr\u00e1sa<\/span>\n\t\t\t\t\t<\/span>\n\t\t\t\t\t<\/a>\n\t\t\t\t<\/div>\n\t\t\t\t\t\t\t\t<\/div>\n\t\t\t\t<\/div>\n\t\t\t\t\t<\/div>\n\t\t<\/div>\n\t\t\t\t\t<\/div>\n\t\t<\/section>\n\t\t\t\t<\/div>\n\t\t","protected":false},"excerpt":{"rendered":"<p>Egyes\u00fcleti tagoknak A Magyar Lev\u00e9lt\u00e1rosok Egyes\u00fclete 2024 november\u00e9t\u0151l az Egyes\u00fcletOnline.hu fel\u00fcleten tartja nyilv\u00e1n az egyes\u00fclet tags\u00e1g\u00e1t. Az Egyes\u00fclet Online fel\u00fclet\u00e9t az al\u00e1bbi gombra kattintva \u00e9rheti el. A bel\u00e9p\u00e9si sz\u00e1nd\u00e9k\u00e1t is ezen a fel\u00fcleten jelezheti. Regisztr\u00e1ci\u00f3 \u00faj tagok sz\u00e1m\u00e1ra Bel\u00e9p\u00e9s tagok sz\u00e1m\u00e1ra Seg\u00e9dletek Seg\u00e9dlet \u00faj tag bel\u00e9p\u00e9s\u00e9hez Adatkezel\u00e9si t\u00e1j\u00e9koztat\u00f3 MLE 2026. \u00e9vi tagd\u00edj t\u00e1j\u00e9koztat\u00f3 SimplePay fizet\u00e9si [&hellip;]<\/p>\n","protected":false},"author":7,"featured_media":0,"parent":0,"menu_order":0,"comment_status":"closed","ping_status":"closed","template":"","meta":{"_acf_changed":false,"footnotes":"","_links_to":"","_links_to_target":""},"class_list":["post-7271","page","type-page","status-publish","hentry"],"acf":[],"yoast_head":"<!-- This site is optimized with the Yoast SEO plugin v27.3 - https:\/\/yoast.com\/product\/yoast-seo-wordpress\/ -->\n<title>Egyes\u00fcleti tagoknak - Magyar Lev\u00e9lt\u00e1ri Port\u00e1l<\/title>\n<meta name=\"robots\" content=\"index, follow, max-snippet:-1, max-image-preview:large, max-video-preview:-1\" \/>\n<meta property=\"og:locale\" content=\"en_US\" \/>\n<meta property=\"og:type\" content=\"article\" \/>\n<meta property=\"og:title\" content=\"Egyes\u00fcleti tagoknak - Magyar Lev\u00e9lt\u00e1ri Port\u00e1l\" \/>\n<meta property=\"og:description\" content=\"Egyes\u00fcleti tagoknak A Magyar Lev\u00e9lt\u00e1rosok Egyes\u00fclete 2024 november\u00e9t\u0151l az Egyes\u00fcletOnline.hu fel\u00fcleten tartja nyilv\u00e1n az egyes\u00fclet tags\u00e1g\u00e1t. Az Egyes\u00fclet Online fel\u00fclet\u00e9t az al\u00e1bbi gombra kattintva \u00e9rheti el. A bel\u00e9p\u00e9si sz\u00e1nd\u00e9k\u00e1t is ezen a fel\u00fcleten jelezheti. Regisztr\u00e1ci\u00f3 \u00faj tagok sz\u00e1m\u00e1ra Bel\u00e9p\u00e9s tagok sz\u00e1m\u00e1ra Seg\u00e9dletek Seg\u00e9dlet \u00faj tag bel\u00e9p\u00e9s\u00e9hez Adatkezel\u00e9si t\u00e1j\u00e9koztat\u00f3 MLE 2026. \u00e9vi tagd\u00edj t\u00e1j\u00e9koztat\u00f3 SimplePay fizet\u00e9si [&hellip;]\" \/>\n<meta property=\"og:url\" content=\"https:\/\/archivportal.hu\/index.php\/egyesuleti-tagoknak\/\" \/>\n<meta property=\"og:site_name\" content=\"Magyar Lev\u00e9lt\u00e1ri Port\u00e1l\" \/>\n<meta property=\"article:publisher\" content=\"https:\/\/www.facebook.com\/magyarleveltarosok.egyesulete\" \/>\n<meta property=\"article:modified_time\" content=\"2026-01-23T14:02:53+00:00\" \/>\n<meta property=\"og:image\" content=\"https:\/\/archivportal.hu\/wp-content\/uploads\/2025\/02\/mle_vandorgyules_2022_2.jpg\" \/>\n\t<meta property=\"og:image:width\" content=\"1160\" \/>\n\t<meta property=\"og:image:height\" content=\"52\" \/>\n\t<meta property=\"og:image:type\" content=\"image\/jpeg\" \/>\n<meta name=\"twitter:card\" content=\"summary_large_image\" \/>\n<meta name=\"twitter:label1\" content=\"Est. reading time\" \/>\n\t<meta name=\"twitter:data1\" content=\"1 minute\" \/>\n<script type=\"application\/ld+json\" class=\"yoast-schema-graph\">{\"@context\":\"https:\\\/\\\/schema.org\",\"@graph\":[{\"@type\":\"WebPage\",\"@id\":\"https:\\\/\\\/archivportal.hu\\\/index.php\\\/egyesuleti-tagoknak\\\/\",\"url\":\"https:\\\/\\\/archivportal.hu\\\/index.php\\\/egyesuleti-tagoknak\\\/\",\"name\":\"Egyes\u00fcleti tagoknak - Magyar Lev\u00e9lt\u00e1ri Port\u00e1l\",\"isPartOf\":{\"@id\":\"https:\\\/\\\/archivportal.hu\\\/#website\"},\"primaryImageOfPage\":{\"@id\":\"https:\\\/\\\/archivportal.hu\\\/index.php\\\/egyesuleti-tagoknak\\\/#primaryimage\"},\"image\":{\"@id\":\"https:\\\/\\\/archivportal.hu\\\/index.php\\\/egyesuleti-tagoknak\\\/#primaryimage\"},\"thumbnailUrl\":\"https:\\\/\\\/archivportal.hu\\\/wp-content\\\/uploads\\\/2025\\\/02\\\/mle_vandorgyules_2022_2-1024x46.jpg\",\"datePublished\":\"2025-02-18T10:21:41+00:00\",\"dateModified\":\"2026-01-23T14:02:53+00:00\",\"breadcrumb\":{\"@id\":\"https:\\\/\\\/archivportal.hu\\\/index.php\\\/egyesuleti-tagoknak\\\/#breadcrumb\"},\"inLanguage\":\"en-US\",\"potentialAction\":[{\"@type\":\"ReadAction\",\"target\":[\"https:\\\/\\\/archivportal.hu\\\/index.php\\\/egyesuleti-tagoknak\\\/\"]}]},{\"@type\":\"ImageObject\",\"inLanguage\":\"en-US\",\"@id\":\"https:\\\/\\\/archivportal.hu\\\/index.php\\\/egyesuleti-tagoknak\\\/#primaryimage\",\"url\":\"https:\\\/\\\/archivportal.hu\\\/wp-content\\\/uploads\\\/2025\\\/02\\\/mle_vandorgyules_2022_2.jpg\",\"contentUrl\":\"https:\\\/\\\/archivportal.hu\\\/wp-content\\\/uploads\\\/2025\\\/02\\\/mle_vandorgyules_2022_2.jpg\",\"width\":1160,\"height\":52},{\"@type\":\"BreadcrumbList\",\"@id\":\"https:\\\/\\\/archivportal.hu\\\/index.php\\\/egyesuleti-tagoknak\\\/#breadcrumb\",\"itemListElement\":[{\"@type\":\"ListItem\",\"position\":1,\"name\":\"Home\",\"item\":\"https:\\\/\\\/archivportal.hu\\\/\"},{\"@type\":\"ListItem\",\"position\":2,\"name\":\"Egyes\u00fcleti tagoknak\"}]},{\"@type\":\"WebSite\",\"@id\":\"https:\\\/\\\/archivportal.hu\\\/#website\",\"url\":\"https:\\\/\\\/archivportal.hu\\\/\",\"name\":\"Magyar Lev\u00e9lt\u00e1ri Port\u00e1l\",\"description\":\"Az online foly\u00f3irat\",\"publisher\":{\"@id\":\"https:\\\/\\\/archivportal.hu\\\/#organization\"},\"potentialAction\":[{\"@type\":\"SearchAction\",\"target\":{\"@type\":\"EntryPoint\",\"urlTemplate\":\"https:\\\/\\\/archivportal.hu\\\/?s={search_term_string}\"},\"query-input\":{\"@type\":\"PropertyValueSpecification\",\"valueRequired\":true,\"valueName\":\"search_term_string\"}}],\"inLanguage\":\"en-US\"},{\"@type\":\"Organization\",\"@id\":\"https:\\\/\\\/archivportal.hu\\\/#organization\",\"name\":\"Magyar Lev\u00e9lt\u00e1ri Port\u00e1l\",\"url\":\"https:\\\/\\\/archivportal.hu\\\/\",\"logo\":{\"@type\":\"ImageObject\",\"inLanguage\":\"en-US\",\"@id\":\"https:\\\/\\\/archivportal.hu\\\/#\\\/schema\\\/logo\\\/image\\\/\",\"url\":\"https:\\\/\\\/archivportal.hu\\\/wp-content\\\/uploads\\\/2022\\\/06\\\/MLP_logo_HU.png\",\"contentUrl\":\"https:\\\/\\\/archivportal.hu\\\/wp-content\\\/uploads\\\/2022\\\/06\\\/MLP_logo_HU.png\",\"width\":1252,\"height\":144,\"caption\":\"Magyar Lev\u00e9lt\u00e1ri Port\u00e1l\"},\"image\":{\"@id\":\"https:\\\/\\\/archivportal.hu\\\/#\\\/schema\\\/logo\\\/image\\\/\"},\"sameAs\":[\"https:\\\/\\\/www.facebook.com\\\/magyarleveltarosok.egyesulete\"]}]}<\/script>\n<!-- \/ Yoast SEO plugin. -->","yoast_head_json":{"title":"Egyes\u00fcleti tagoknak - Magyar Lev\u00e9lt\u00e1ri Port\u00e1l","robots":{"index":"index","follow":"follow","max-snippet":"max-snippet:-1","max-image-preview":"max-image-preview:large","max-video-preview":"max-video-preview:-1"},"og_locale":"en_US","og_type":"article","og_title":"Egyes\u00fcleti tagoknak - Magyar Lev\u00e9lt\u00e1ri Port\u00e1l","og_description":"Egyes\u00fcleti tagoknak A Magyar Lev\u00e9lt\u00e1rosok Egyes\u00fclete 2024 november\u00e9t\u0151l az Egyes\u00fcletOnline.hu fel\u00fcleten tartja nyilv\u00e1n az egyes\u00fclet tags\u00e1g\u00e1t. Az Egyes\u00fclet Online fel\u00fclet\u00e9t az al\u00e1bbi gombra kattintva \u00e9rheti el. A bel\u00e9p\u00e9si sz\u00e1nd\u00e9k\u00e1t is ezen a fel\u00fcleten jelezheti. Regisztr\u00e1ci\u00f3 \u00faj tagok sz\u00e1m\u00e1ra Bel\u00e9p\u00e9s tagok sz\u00e1m\u00e1ra Seg\u00e9dletek Seg\u00e9dlet \u00faj tag bel\u00e9p\u00e9s\u00e9hez Adatkezel\u00e9si t\u00e1j\u00e9koztat\u00f3 MLE 2026. \u00e9vi tagd\u00edj t\u00e1j\u00e9koztat\u00f3 SimplePay fizet\u00e9si [&hellip;]","og_url":"https:\/\/archivportal.hu\/index.php\/egyesuleti-tagoknak\/","og_site_name":"Magyar Lev\u00e9lt\u00e1ri Port\u00e1l","article_publisher":"https:\/\/www.facebook.com\/magyarleveltarosok.egyesulete","article_modified_time":"2026-01-23T14:02:53+00:00","og_image":[{"width":1160,"height":52,"url":"https:\/\/archivportal.hu\/wp-content\/uploads\/2025\/02\/mle_vandorgyules_2022_2.jpg","type":"image\/jpeg"}],"twitter_card":"summary_large_image","twitter_misc":{"Est. reading time":"1 minute"},"schema":{"@context":"https:\/\/schema.org","@graph":[{"@type":"WebPage","@id":"https:\/\/archivportal.hu\/index.php\/egyesuleti-tagoknak\/","url":"https:\/\/archivportal.hu\/index.php\/egyesuleti-tagoknak\/","name":"Egyes\u00fcleti tagoknak - Magyar Lev\u00e9lt\u00e1ri Port\u00e1l","isPartOf":{"@id":"https:\/\/archivportal.hu\/#website"},"primaryImageOfPage":{"@id":"https:\/\/archivportal.hu\/index.php\/egyesuleti-tagoknak\/#primaryimage"},"image":{"@id":"https:\/\/archivportal.hu\/index.php\/egyesuleti-tagoknak\/#primaryimage"},"thumbnailUrl":"https:\/\/archivportal.hu\/wp-content\/uploads\/2025\/02\/mle_vandorgyules_2022_2-1024x46.jpg","datePublished":"2025-02-18T10:21:41+00:00","dateModified":"2026-01-23T14:02:53+00:00","breadcrumb":{"@id":"https:\/\/archivportal.hu\/index.php\/egyesuleti-tagoknak\/#breadcrumb"},"inLanguage":"en-US","potentialAction":[{"@type":"ReadAction","target":["https:\/\/archivportal.hu\/index.php\/egyesuleti-tagoknak\/"]}]},{"@type":"ImageObject","inLanguage":"en-US","@id":"https:\/\/archivportal.hu\/index.php\/egyesuleti-tagoknak\/#primaryimage","url":"https:\/\/archivportal.hu\/wp-content\/uploads\/2025\/02\/mle_vandorgyules_2022_2.jpg","contentUrl":"https:\/\/archivportal.hu\/wp-content\/uploads\/2025\/02\/mle_vandorgyules_2022_2.jpg","width":1160,"height":52},{"@type":"BreadcrumbList","@id":"https:\/\/archivportal.hu\/index.php\/egyesuleti-tagoknak\/#breadcrumb","itemListElement":[{"@type":"ListItem","position":1,"name":"Home","item":"https:\/\/archivportal.hu\/"},{"@type":"ListItem","position":2,"name":"Egyes\u00fcleti tagoknak"}]},{"@type":"WebSite","@id":"https:\/\/archivportal.hu\/#website","url":"https:\/\/archivportal.hu\/","name":"Magyar Lev\u00e9lt\u00e1ri Port\u00e1l","description":"Az online foly\u00f3irat","publisher":{"@id":"https:\/\/archivportal.hu\/#organization"},"potentialAction":[{"@type":"SearchAction","target":{"@type":"EntryPoint","urlTemplate":"https:\/\/archivportal.hu\/?s={search_term_string}"},"query-input":{"@type":"PropertyValueSpecification","valueRequired":true,"valueName":"search_term_string"}}],"inLanguage":"en-US"},{"@type":"Organization","@id":"https:\/\/archivportal.hu\/#organization","name":"Magyar Lev\u00e9lt\u00e1ri Port\u00e1l","url":"https:\/\/archivportal.hu\/","logo":{"@type":"ImageObject","inLanguage":"en-US","@id":"https:\/\/archivportal.hu\/#\/schema\/logo\/image\/","url":"https:\/\/archivportal.hu\/wp-content\/uploads\/2022\/06\/MLP_logo_HU.png","contentUrl":"https:\/\/archivportal.hu\/wp-content\/uploads\/2022\/06\/MLP_logo_HU.png","width":1252,"height":144,"caption":"Magyar Lev\u00e9lt\u00e1ri Port\u00e1l"},"image":{"@id":"https:\/\/archivportal.hu\/#\/schema\/logo\/image\/"},"sameAs":["https:\/\/www.facebook.com\/magyarleveltarosok.egyesulete"]}]}},"_links":{"self":[{"href":"https:\/\/archivportal.hu\/index.php\/wp-json\/wp\/v2\/pages\/7271","targetHints":{"allow":["GET"]}}],"collection":[{"href":"https:\/\/archivportal.hu\/index.php\/wp-json\/wp\/v2\/pages"}],"about":[{"href":"https:\/\/archivportal.hu\/index.php\/wp-json\/wp\/v2\/types\/page"}],"author":[{"embeddable":true,"href":"https:\/\/archivportal.hu\/index.php\/wp-json\/wp\/v2\/users\/7"}],"replies":[{"embeddable":true,"href":"https:\/\/archivportal.hu\/index.php\/wp-json\/wp\/v2\/comments?post=7271"}],"version-history":[{"count":25,"href":"https:\/\/archivportal.hu\/index.php\/wp-json\/wp\/v2\/pages\/7271\/revisions"}],"predecessor-version":[{"id":7915,"href":"https:\/\/archivportal.hu\/index.php\/wp-json\/wp\/v2\/pages\/7271\/revisions\/7915"}],"wp:attachment":[{"href":"https:\/\/archivportal.hu\/index.php\/wp-json\/wp\/v2\/media?parent=7271"}],"curies":[{"name":"wp","href":"https:\/\/api.w.org\/{rel}","templated":true}]}}